{"id":8500,"date":"2024-09-02T09:15:18","date_gmt":"2024-09-02T07:15:18","guid":{"rendered":"https:\/\/puclepucle.com\/?post_type=product&#038;p=8500"},"modified":"2025-02-14T19:07:56","modified_gmt":"2025-02-14T18:07:56","slug":"istropolis","status":"publish","type":"product","link":"https:\/\/puclepucle.com\/cs\/produkt\/istropolis\/","title":{"rendered":"ISTROPOLIS"},"content":{"rendered":"<p>P\u0158EDPRODEJ motivu! Objedn\u00e1vky s r\u00e1mem odes\u00edl\u00e1me obratem, objedn\u00e1vky bez r\u00e1mu v pr\u016fb\u011bhu z\u00e1\u0159\u00ed.  <\/p>\n<p>Istropolis je zn\u00e1m ka\u017ed\u00e9mu, kdo zn\u00e1 Bratislavu a mnoho z n\u00e1s tak\u00e9 v\u00ed, \u017ee u\u017e ten p\u016fvodn\u00ed nestoj\u00ed. Pr\u00e1v\u011b t\u00e9to my\u0161lenky se chytila \u200b\u200bTina Minor a v r\u00e1mci na\u0161eho OPEN CALLu 2024 na t\u00e9ma Architektura 20. stolet\u00ed zobrazila ilustraci star\u00e9ho ISTROPOLISU i jeho obrazu nov\u00e9 v\u00fdstavby.  <\/p>\n<p>Tyto Pucle m\u00e1me v limitovan\u00e9 verzi 210 KS a u\u017e nikdy je nebudeme dotla\u010dovat.  <\/p>\n<p>Puzzle maj\u00ed 1000 d\u00edlk\u016f a jsou dostupn\u00e9 ve variant\u00e1ch s d\u0159ev\u011bn\u00fdm r\u00e1mem i samostatn\u011b. D\u00edky d\u0159ev\u011bn\u00e9mu r\u00e1mu puzzle nelep\u00edte, ale jednodu\u0161e je zav\u011bs\u00edte na ze\u010f.  Pozd\u011bji je m\u016f\u017eete kdykoli sv\u011bsit. R\u00e1me\u010dek snadno otev\u0159ete, puzzle rozlo\u017e\u00edte a vym\u011bn\u00edte za nov\u00e9 Pucle.<\/p>\n","protected":false},"excerpt":{"rendered":"<p>P\u0158EDPRODEJ motivu! Objedn\u00e1vky s r\u00e1mem odes\u00edl\u00e1me obratem, objedn\u00e1vky bez r\u00e1mu v pr\u016fb\u011bhu z\u00e1\u0159\u00ed.  <\/p>\n<p>Istropolis je zn\u00e1m ka\u017ed\u00e9mu, kdo zn\u00e1 Bratislavu a mnoho z n\u00e1s tak\u00e9 v\u00ed, \u017ee u\u017e ten p\u016fvodn\u00ed nestoj\u00ed. Pr\u00e1v\u011b t\u00e9to my\u0161lenky se chytila \u200b\u200bTina Minor a v r\u00e1mci na\u0161eho OPEN CALLu 2024 na t\u00e9ma Architektura 20. stolet\u00ed zobrazila ilustraci star\u00e9ho ISTROPOLISU i jeho obrazu nov\u00e9 v\u00fdstavby.  <\/p>\n<p>Tyto Pucle m\u00e1me v limitovan\u00e9 verzi 210 KS a u\u017e nikdy je nebudeme dotla\u010dovat.  <\/p>\n<p>Puzzle maj\u00ed 1000 d\u00edlk\u016f a jsou dostupn\u00e9 ve variant\u00e1ch s d\u0159ev\u011bn\u00fdm r\u00e1mem i samostatn\u011b. D\u00edky d\u0159ev\u011bn\u00e9mu r\u00e1mu puzzle nelep\u00edte, ale jednodu\u0161e je zav\u011bs\u00edte na ze\u010f.  Pozd\u011bji je m\u016f\u017eete kdykoli sv\u011bsit. R\u00e1me\u010dek snadno otev\u0159ete, puzzle rozlo\u017e\u00edte a vym\u011bn\u00edte za nov\u00e9 Pucle.<\/p>\n","protected":false},"featured_media":8506,"template":"","meta":{"_acf_changed":false,"site-sidebar-layout":"default","site-content-layout":"default","ast-site-content-layout":"default","site-content-style":"default","site-sidebar-style":"default","ast-global-header-display":"","ast-banner-title-visibility":"","ast-main-header-display":"","ast-hfb-above-header-display":"","ast-hfb-below-header-display":"","ast-hfb-mobile-header-display":"","site-post-title":"","ast-breadcrumbs-content":"","ast-featured-img":"","footer-sml-layout":"","theme-transparent-header-meta":"default","adv-header-id-meta":"","stick-header-meta":"","header-above-stick-meta":"","header-main-stick-meta":"","header-below-stick-meta":"","astra-migrate-meta-layouts":"set","ast-page-background-enabled":"default","ast-page-background-meta":{"desktop":{"background-color":"var(--ast-global-color-4)","background-image":"","background-repeat":"repeat","background-position":"center center","background-size":"auto","background-attachment":"scroll","background-type":"","background-media":"","overlay-type":"","overlay-color":"","overlay-opacity":"","overlay-gradient":""},"tablet":{"background-color":"","background-image":"","background-repeat":"repeat","background-position":"center center","background-size":"auto","background-attachment":"scroll","background-type":"","background-media":"","overlay-type":"","overlay-color":"","overlay-opacity":"","overlay-gradient":""},"mobile":{"background-color":"","background-image":"","background-repeat":"repeat","background-position":"center center","background-size":"auto","background-attachment":"scroll","background-type":"","background-media":"","overlay-type":"","overlay-color":"","overlay-opacity":"","overlay-gradient":""}},"ast-content-background-meta":{"desktop":{"background-color":"var(--ast-global-color-5)","background-image":"","background-repeat":"repeat","background-position":"center center","background-size":"auto","background-attachment":"scroll","background-type":"","background-media":"","overlay-type":"","overlay-color":"","overlay-opacity":"","overlay-gradient":""},"tablet":{"background-color":"var(--ast-global-color-5)","background-image":"","background-repeat":"repeat","background-position":"center center","background-size":"auto","background-attachment":"scroll","background-type":"","background-media":"","overlay-type":"","overlay-color":"","overlay-opacity":"","overlay-gradient":""},"mobile":{"background-color":"var(--ast-global-color-5)","background-image":"","background-repeat":"repeat","background-position":"center center","background-size":"auto","background-attachment":"scroll","background-type":"","background-media":"","overlay-type":"","overlay-color":"","overlay-opacity":"","overlay-gradient":""}}},"product_brand":[],"product_cat":[50],"product_tag":[],"giftcard-category":[],"class_list":{"0":"post-8500","1":"product","2":"type-product","3":"status-publish","4":"has-post-thumbnail","6":"product_cat-nezarazeno","7":"tm-has-options","8":"desktop-align-center","9":"tablet-align-left","10":"mobile-align-left","12":"first","13":"instock","14":"taxable","15":"shipping-taxable","16":"purchasable","17":"product-type-simple"},"acf":[],"yoast_head":"<!-- This site is optimized with the Yoast SEO Premium plugin v24.2 (Yoast SEO v26.0) - https:\/\/yoast.com\/wordpress\/plugins\/seo\/ -->\n<title>ISTROPOLIS - Ilustrovan\u00e9 puzzle s d\u0159ev\u011bn\u00fdm r\u00e1mem Pucle | Puzzle pln\u00e9 um\u011bn\u00ed<\/title>\n<meta name=\"description\" content=\"Spoznajte dizajniv\u00e9 ilustrovan\u00e9 puzzle s mot\u00edvmi od kreat\u00edvnych ilustr\u00e1torov a ilustr\u00e1toriek na puzzle, ktor\u00e9 po poskladan\u00ed nemus\u00edte lepi\u0165. Spoznajte Pucle.\" \/>\n<meta name=\"robots\" content=\"index, follow, max-snippet:-1, max-image-preview:large, max-video-preview:-1\" \/>\n<link rel=\"canonical\" href=\"https:\/\/puclepucle.com\/cs\/produkt\/istropolis\/\" \/>\n<meta property=\"og:locale\" content=\"cs_CZ\" \/>\n<meta property=\"og:type\" content=\"article\" \/>\n<meta property=\"og:title\" content=\"ISTROPOLIS\" \/>\n<meta property=\"og:description\" content=\"Spoznajte dizajniv\u00e9 ilustrovan\u00e9 puzzle s mot\u00edvmi od kreat\u00edvnych ilustr\u00e1torov a ilustr\u00e1toriek na puzzle, ktor\u00e9 po poskladan\u00ed nemus\u00edte lepi\u0165. Spoznajte Pucle.\" \/>\n<meta property=\"og:url\" content=\"https:\/\/puclepucle.com\/cs\/produkt\/istropolis\/\" \/>\n<meta property=\"og:site_name\" content=\"Ilustrovan\u00e9 puzzle s d\u0159ev\u011bn\u00fdm r\u00e1mem Pucle | Puzzle pln\u00e9 um\u011bn\u00ed\" \/>\n<meta property=\"article:publisher\" content=\"https:\/\/www.facebook.com\/puclepucle\" \/>\n<meta property=\"article:modified_time\" content=\"2025-02-14T18:07:56+00:00\" \/>\n<meta property=\"og:image\" content=\"https:\/\/puclepucle.com\/wp-content\/uploads\/2024\/09\/IMG-Product-13.png\" \/>\n\t<meta property=\"og:image:width\" content=\"676\" \/>\n\t<meta property=\"og:image:height\" content=\"664\" \/>\n\t<meta property=\"og:image:type\" content=\"image\/png\" \/>\n<meta name=\"twitter:card\" content=\"summary_large_image\" \/>\n<meta name=\"twitter:label1\" content=\"Odhadovan\u00e1 doba \u010dten\u00ed\" \/>\n\t<meta name=\"twitter:data1\" content=\"1 minuta\" \/>\n<script type=\"application\/ld+json\" class=\"yoast-schema-graph\">{\"@context\":\"https:\/\/schema.org\",\"@graph\":[{\"@type\":\"WebPage\",\"@id\":\"https:\/\/puclepucle.com\/cs\/produkt\/istropolis\/\",\"url\":\"https:\/\/puclepucle.com\/cs\/produkt\/istropolis\/\",\"name\":\"ISTROPOLIS - Ilustrovan\u00e9 puzzle s d\u0159ev\u011bn\u00fdm r\u00e1mem Pucle | Puzzle pln\u00e9 um\u011bn\u00ed\",\"isPartOf\":{\"@id\":\"https:\/\/puclepucle.com\/#website\"},\"primaryImageOfPage\":{\"@id\":\"https:\/\/puclepucle.com\/cs\/produkt\/istropolis\/#primaryimage\"},\"image\":{\"@id\":\"https:\/\/puclepucle.com\/cs\/produkt\/istropolis\/#primaryimage\"},\"thumbnailUrl\":\"https:\/\/puclepucle.com\/wp-content\/uploads\/2024\/09\/Pucle-1000dilku-Instropolis.png\",\"datePublished\":\"2024-09-02T07:15:18+00:00\",\"dateModified\":\"2025-02-14T18:07:56+00:00\",\"description\":\"Spoznajte dizajniv\u00e9 ilustrovan\u00e9 puzzle s mot\u00edvmi od kreat\u00edvnych ilustr\u00e1torov a ilustr\u00e1toriek na puzzle, ktor\u00e9 po poskladan\u00ed nemus\u00edte lepi\u0165. Spoznajte Pucle.\",\"breadcrumb\":{\"@id\":\"https:\/\/puclepucle.com\/cs\/produkt\/istropolis\/#breadcrumb\"},\"inLanguage\":\"cs\",\"potentialAction\":[{\"@type\":\"ReadAction\",\"target\":[\"https:\/\/puclepucle.com\/cs\/produkt\/istropolis\/\"]}]},{\"@type\":\"ImageObject\",\"inLanguage\":\"cs\",\"@id\":\"https:\/\/puclepucle.com\/cs\/produkt\/istropolis\/#primaryimage\",\"url\":\"https:\/\/puclepucle.com\/wp-content\/uploads\/2024\/09\/Pucle-1000dilku-Instropolis.png\",\"contentUrl\":\"https:\/\/puclepucle.com\/wp-content\/uploads\/2024\/09\/Pucle-1000dilku-Instropolis.png\",\"width\":600,\"height\":600},{\"@type\":\"BreadcrumbList\",\"@id\":\"https:\/\/puclepucle.com\/cs\/produkt\/istropolis\/#breadcrumb\",\"itemListElement\":[{\"@type\":\"ListItem\",\"position\":1,\"name\":\"Domov\",\"item\":\"https:\/\/puclepucle.com\/\"},{\"@type\":\"ListItem\",\"position\":2,\"name\":\"Shop\",\"item\":\"https:\/\/puclepucle.com\/cs\/obchod\/\"},{\"@type\":\"ListItem\",\"position\":3,\"name\":\"ISTROPOLIS\"}]},{\"@type\":\"WebSite\",\"@id\":\"https:\/\/puclepucle.com\/#website\",\"url\":\"https:\/\/puclepucle.com\/\",\"name\":\"Ilustrovan\u00e9 puzzle s dreven\u00fdm r\u00e1mom Pucle | Puzzle pln\u00e9 umenia\",\"description\":\"Skladajte a r\u00e1mujte bez lepenia puzzle ilustrovan\u00e9 talentovan\u00fdmi umelcami a dizajn\u00e9rmi\",\"publisher\":{\"@id\":\"https:\/\/puclepucle.com\/#organization\"},\"alternateName\":\"Dizajnov\u00e9 puzzle s dreven\u00fdm r\u00e1mom\",\"potentialAction\":[{\"@type\":\"SearchAction\",\"target\":{\"@type\":\"EntryPoint\",\"urlTemplate\":\"https:\/\/puclepucle.com\/?s={search_term_string}\"},\"query-input\":{\"@type\":\"PropertyValueSpecification\",\"valueRequired\":true,\"valueName\":\"search_term_string\"}}],\"inLanguage\":\"cs\"},{\"@type\":\"Organization\",\"@id\":\"https:\/\/puclepucle.com\/#organization\",\"name\":\"PuclePucle\",\"alternateName\":\"Pucle\",\"url\":\"https:\/\/puclepucle.com\/\",\"logo\":{\"@type\":\"ImageObject\",\"inLanguage\":\"cs\",\"@id\":\"https:\/\/puclepucle.com\/#\/schema\/logo\/image\/\",\"url\":\"https:\/\/puclepucle.com\/wp-content\/uploads\/2023\/09\/pucle-logo-dark.png\",\"contentUrl\":\"https:\/\/puclepucle.com\/wp-content\/uploads\/2023\/09\/pucle-logo-dark.png\",\"width\":160,\"height\":51,\"caption\":\"PuclePucle\"},\"image\":{\"@id\":\"https:\/\/puclepucle.com\/#\/schema\/logo\/image\/\"},\"sameAs\":[\"https:\/\/www.facebook.com\/puclepucle\",\"https:\/\/www.instagram.com\/puclepucle\/?hl=en\",\"https:\/\/www.youtube.com\/@pucle1122\",\"https:\/\/sk.pinterest.com\/puclepucle\/\"],\"ownershipFundingInfo\":\"https:\/\/puclepucle.com\/o-nas\/\",\"correctionsPolicy\":\"https:\/\/puclepucle.com\/obchodne-podmienky\/\",\"ethicsPolicy\":\"https:\/\/puclepucle.com\/obchodne-podmienky\/\",\"diversityPolicy\":\"https:\/\/puclepucle.com\/ako-to-funguje\/\"}]}<\/script>\n<!-- \/ Yoast SEO Premium plugin. -->","yoast_head_json":{"title":"ISTROPOLIS - Ilustrovan\u00e9 puzzle s d\u0159ev\u011bn\u00fdm r\u00e1mem Pucle | Puzzle pln\u00e9 um\u011bn\u00ed","description":"Spoznajte dizajniv\u00e9 ilustrovan\u00e9 puzzle s mot\u00edvmi od kreat\u00edvnych ilustr\u00e1torov a ilustr\u00e1toriek na puzzle, ktor\u00e9 po poskladan\u00ed nemus\u00edte lepi\u0165. Spoznajte Pucle.","robots":{"index":"index","follow":"follow","max-snippet":"max-snippet:-1","max-image-preview":"max-image-preview:large","max-video-preview":"max-video-preview:-1"},"canonical":"https:\/\/puclepucle.com\/cs\/produkt\/istropolis\/","og_locale":"cs_CZ","og_type":"article","og_title":"ISTROPOLIS","og_description":"Spoznajte dizajniv\u00e9 ilustrovan\u00e9 puzzle s mot\u00edvmi od kreat\u00edvnych ilustr\u00e1torov a ilustr\u00e1toriek na puzzle, ktor\u00e9 po poskladan\u00ed nemus\u00edte lepi\u0165. Spoznajte Pucle.","og_url":"https:\/\/puclepucle.com\/cs\/produkt\/istropolis\/","og_site_name":"Ilustrovan\u00e9 puzzle s d\u0159ev\u011bn\u00fdm r\u00e1mem Pucle | Puzzle pln\u00e9 um\u011bn\u00ed","article_publisher":"https:\/\/www.facebook.com\/puclepucle","article_modified_time":"2025-02-14T18:07:56+00:00","og_image":[{"width":676,"height":664,"url":"https:\/\/puclepucle.com\/wp-content\/uploads\/2024\/09\/IMG-Product-13.png","type":"image\/png"}],"twitter_card":"summary_large_image","twitter_misc":{"Odhadovan\u00e1 doba \u010dten\u00ed":"1 minuta"},"schema":{"@context":"https:\/\/schema.org","@graph":[{"@type":"WebPage","@id":"https:\/\/puclepucle.com\/cs\/produkt\/istropolis\/","url":"https:\/\/puclepucle.com\/cs\/produkt\/istropolis\/","name":"ISTROPOLIS - Ilustrovan\u00e9 puzzle s d\u0159ev\u011bn\u00fdm r\u00e1mem Pucle | Puzzle pln\u00e9 um\u011bn\u00ed","isPartOf":{"@id":"https:\/\/puclepucle.com\/#website"},"primaryImageOfPage":{"@id":"https:\/\/puclepucle.com\/cs\/produkt\/istropolis\/#primaryimage"},"image":{"@id":"https:\/\/puclepucle.com\/cs\/produkt\/istropolis\/#primaryimage"},"thumbnailUrl":"https:\/\/puclepucle.com\/wp-content\/uploads\/2024\/09\/Pucle-1000dilku-Instropolis.png","datePublished":"2024-09-02T07:15:18+00:00","dateModified":"2025-02-14T18:07:56+00:00","description":"Spoznajte dizajniv\u00e9 ilustrovan\u00e9 puzzle s mot\u00edvmi od kreat\u00edvnych ilustr\u00e1torov a ilustr\u00e1toriek na puzzle, ktor\u00e9 po poskladan\u00ed nemus\u00edte lepi\u0165. Spoznajte Pucle.","breadcrumb":{"@id":"https:\/\/puclepucle.com\/cs\/produkt\/istropolis\/#breadcrumb"},"inLanguage":"cs","potentialAction":[{"@type":"ReadAction","target":["https:\/\/puclepucle.com\/cs\/produkt\/istropolis\/"]}]},{"@type":"ImageObject","inLanguage":"cs","@id":"https:\/\/puclepucle.com\/cs\/produkt\/istropolis\/#primaryimage","url":"https:\/\/puclepucle.com\/wp-content\/uploads\/2024\/09\/Pucle-1000dilku-Instropolis.png","contentUrl":"https:\/\/puclepucle.com\/wp-content\/uploads\/2024\/09\/Pucle-1000dilku-Instropolis.png","width":600,"height":600},{"@type":"BreadcrumbList","@id":"https:\/\/puclepucle.com\/cs\/produkt\/istropolis\/#breadcrumb","itemListElement":[{"@type":"ListItem","position":1,"name":"Domov","item":"https:\/\/puclepucle.com\/"},{"@type":"ListItem","position":2,"name":"Shop","item":"https:\/\/puclepucle.com\/cs\/obchod\/"},{"@type":"ListItem","position":3,"name":"ISTROPOLIS"}]},{"@type":"WebSite","@id":"https:\/\/puclepucle.com\/#website","url":"https:\/\/puclepucle.com\/","name":"Ilustrovan\u00e9 puzzle s dreven\u00fdm r\u00e1mom Pucle | Puzzle pln\u00e9 umenia","description":"Skladajte a r\u00e1mujte bez lepenia puzzle ilustrovan\u00e9 talentovan\u00fdmi umelcami a dizajn\u00e9rmi","publisher":{"@id":"https:\/\/puclepucle.com\/#organization"},"alternateName":"Dizajnov\u00e9 puzzle s dreven\u00fdm r\u00e1mom","potentialAction":[{"@type":"SearchAction","target":{"@type":"EntryPoint","urlTemplate":"https:\/\/puclepucle.com\/?s={search_term_string}"},"query-input":{"@type":"PropertyValueSpecification","valueRequired":true,"valueName":"search_term_string"}}],"inLanguage":"cs"},{"@type":"Organization","@id":"https:\/\/puclepucle.com\/#organization","name":"PuclePucle","alternateName":"Pucle","url":"https:\/\/puclepucle.com\/","logo":{"@type":"ImageObject","inLanguage":"cs","@id":"https:\/\/puclepucle.com\/#\/schema\/logo\/image\/","url":"https:\/\/puclepucle.com\/wp-content\/uploads\/2023\/09\/pucle-logo-dark.png","contentUrl":"https:\/\/puclepucle.com\/wp-content\/uploads\/2023\/09\/pucle-logo-dark.png","width":160,"height":51,"caption":"PuclePucle"},"image":{"@id":"https:\/\/puclepucle.com\/#\/schema\/logo\/image\/"},"sameAs":["https:\/\/www.facebook.com\/puclepucle","https:\/\/www.instagram.com\/puclepucle\/?hl=en","https:\/\/www.youtube.com\/@pucle1122","https:\/\/sk.pinterest.com\/puclepucle\/"],"ownershipFundingInfo":"https:\/\/puclepucle.com\/o-nas\/","correctionsPolicy":"https:\/\/puclepucle.com\/obchodne-podmienky\/","ethicsPolicy":"https:\/\/puclepucle.com\/obchodne-podmienky\/","diversityPolicy":"https:\/\/puclepucle.com\/ako-to-funguje\/"}]}},"_links":{"self":[{"href":"https:\/\/puclepucle.com\/cs\/wp-json\/wp\/v2\/product\/8500","targetHints":{"allow":["GET"]}}],"collection":[{"href":"https:\/\/puclepucle.com\/cs\/wp-json\/wp\/v2\/product"}],"about":[{"href":"https:\/\/puclepucle.com\/cs\/wp-json\/wp\/v2\/types\/product"}],"wp:featuredmedia":[{"embeddable":true,"href":"https:\/\/puclepucle.com\/cs\/wp-json\/wp\/v2\/media\/8506"}],"wp:attachment":[{"href":"https:\/\/puclepucle.com\/cs\/wp-json\/wp\/v2\/media?parent=8500"}],"wp:term":[{"taxonomy":"product_brand","embeddable":true,"href":"https:\/\/puclepucle.com\/cs\/wp-json\/wp\/v2\/product_brand?post=8500"},{"taxonomy":"product_cat","embeddable":true,"href":"https:\/\/puclepucle.com\/cs\/wp-json\/wp\/v2\/product_cat?post=8500"},{"taxonomy":"product_tag","embeddable":true,"href":"https:\/\/puclepucle.com\/cs\/wp-json\/wp\/v2\/product_tag?post=8500"},{"taxonomy":"giftcard-category","embeddable":true,"href":"https:\/\/puclepucle.com\/cs\/wp-json\/wp\/v2\/giftcard-category?post=8500"}],"curies":[{"name":"wp","href":"https:\/\/api.w.org\/{rel}","templated":true}]}}