{"id":8600,"date":"2024-09-24T21:50:49","date_gmt":"2024-09-24T19:50:49","guid":{"rendered":"https:\/\/puclepucle.com\/?post_type=product&#038;p=8600"},"modified":"2024-09-25T10:23:18","modified_gmt":"2024-09-25T08:23:18","slug":"trnava","status":"publish","type":"product","link":"https:\/\/puclepucle.com\/cs\/produkt\/trnava\/","title":{"rendered":"Trnava"},"content":{"rendered":"<p>Poskl\u00e1dejte si Trnavu, centrum m\u011bsta a jeho ka\u017edodenn\u00ed dynamiku v jedine\u010dn\u00e9m proveden\u00ed puzzle v gridu od CISAROVE. Pou\u017eit\u00e9 barevn\u00e9 sch\u00e9ma m\u00e1 svou harmonii podtrhnout tento st\u0159et architektonick\u00fdch sv\u011bt\u016f a vytvo\u0159it tak unik\u00e1tn\u00ed celek zachycuj\u00edc\u00ed genius loci m\u011bsta.<\/p>\n<p>Puzzle jsou dostupn\u00e9 ve variant\u011b s d\u0159ev\u011bn\u00fdm r\u00e1mem, nebo samostatn\u011b. D\u00edky r\u00e1mu nemus\u00edte puzzle lepit, a p\u0159esto je po slo\u017een\u00ed zav\u011bs\u00edte na st\u011bnu.<\/p>\n<p>Pozd\u011bji je m\u016f\u017eete kdykoli sundat, r\u00e1m jednodu\u0161e otev\u0159\u00edt a puzzle zase rozlo\u017eit ke h\u0159e nebo vym\u011bnit za jin\u00e9 slo\u017een\u00e9 Pucle.<\/p>\n","protected":false},"excerpt":{"rendered":"<p>Poskl\u00e1dejte si Trnavu, centrum m\u011bsta a jeho ka\u017edodenn\u00ed dynamiku v jedine\u010dn\u00e9m proveden\u00ed puzzle v gridu od CISAROVE. Pou\u017eit\u00e9 barevn\u00e9 sch\u00e9ma m\u00e1 svou harmonii podtrhnout tento st\u0159et architektonick\u00fdch sv\u011bt\u016f a vytvo\u0159it tak unik\u00e1tn\u00ed celek zachycuj\u00edc\u00ed genius loci m\u011bsta.<\/p>\n<p>Puzzle jsou dostupn\u00e9 ve variant\u011b s d\u0159ev\u011bn\u00fdm r\u00e1mem, nebo samostatn\u011b. D\u00edky r\u00e1mu nemus\u00edte puzzle lepit, a p\u0159esto je po slo\u017een\u00ed zav\u011bs\u00edte na st\u011bnu.<\/p>\n<p>Pozd\u011bji je m\u016f\u017eete kdykoli sundat, r\u00e1m jednodu\u0161e otev\u0159\u00edt a puzzle zase rozlo\u017eit ke h\u0159e nebo vym\u011bnit za jin\u00e9 slo\u017een\u00e9 Pucle.<\/p>\n","protected":false},"featured_media":8606,"template":"","meta":{"_acf_changed":false,"site-sidebar-layout":"default","site-content-layout":"default","ast-site-content-layout":"default","site-content-style":"default","site-sidebar-style":"default","ast-global-header-display":"","ast-banner-title-visibility":"","ast-main-header-display":"","ast-hfb-above-header-display":"","ast-hfb-below-header-display":"","ast-hfb-mobile-header-display":"","site-post-title":"","ast-breadcrumbs-content":"","ast-featured-img":"","footer-sml-layout":"","theme-transparent-header-meta":"default","adv-header-id-meta":"","stick-header-meta":"","header-above-stick-meta":"","header-main-stick-meta":"","header-below-stick-meta":"","astra-migrate-meta-layouts":"set","ast-page-background-enabled":"default","ast-page-background-meta":{"desktop":{"background-color":"var(--ast-global-color-4)","background-image":"","background-repeat":"repeat","background-position":"center center","background-size":"auto","background-attachment":"scroll","background-type":"","background-media":"","overlay-type":"","overlay-color":"","overlay-opacity":"","overlay-gradient":""},"tablet":{"background-color":"","background-image":"","background-repeat":"repeat","background-position":"center center","background-size":"auto","background-attachment":"scroll","background-type":"","background-media":"","overlay-type":"","overlay-color":"","overlay-opacity":"","overlay-gradient":""},"mobile":{"background-color":"","background-image":"","background-repeat":"repeat","background-position":"center center","background-size":"auto","background-attachment":"scroll","background-type":"","background-media":"","overlay-type":"","overlay-color":"","overlay-opacity":"","overlay-gradient":""}},"ast-content-background-meta":{"desktop":{"background-color":"var(--ast-global-color-5)","background-image":"","background-repeat":"repeat","background-position":"center center","background-size":"auto","background-attachment":"scroll","background-type":"","background-media":"","overlay-type":"","overlay-color":"","overlay-opacity":"","overlay-gradient":""},"tablet":{"background-color":"var(--ast-global-color-5)","background-image":"","background-repeat":"repeat","background-position":"center center","background-size":"auto","background-attachment":"scroll","background-type":"","background-media":"","overlay-type":"","overlay-color":"","overlay-opacity":"","overlay-gradient":""},"mobile":{"background-color":"var(--ast-global-color-5)","background-image":"","background-repeat":"repeat","background-position":"center center","background-size":"auto","background-attachment":"scroll","background-type":"","background-media":"","overlay-type":"","overlay-color":"","overlay-opacity":"","overlay-gradient":""}}},"product_brand":[],"product_cat":[50],"product_tag":[],"giftcard-category":[],"class_list":{"0":"post-8600","1":"product","2":"type-product","3":"status-publish","4":"has-post-thumbnail","6":"product_cat-nezarazeno","7":"tm-has-options","8":"desktop-align-center","9":"tablet-align-left","10":"mobile-align-left","12":"first","13":"instock","14":"taxable","15":"shipping-taxable","16":"purchasable","17":"product-type-simple"},"acf":[],"yoast_head":"<!-- This site is optimized with the Yoast SEO Premium plugin v24.2 (Yoast SEO v26.0) - https:\/\/yoast.com\/wordpress\/plugins\/seo\/ -->\n<title>Trnava - Ilustrovan\u00e9 puzzle s d\u0159ev\u011bn\u00fdm r\u00e1mem Pucle | Puzzle pln\u00e9 um\u011bn\u00ed<\/title>\n<meta name=\"description\" content=\"Spoznajte dizajniv\u00e9 ilustrovan\u00e9 puzzle s mot\u00edvmi od kreat\u00edvnych ilustr\u00e1torov a ilustr\u00e1toriek na puzzle, ktor\u00e9 po poskladan\u00ed nemus\u00edte lepi\u0165. Spoznajte Pucle.\" \/>\n<meta name=\"robots\" content=\"index, follow, max-snippet:-1, max-image-preview:large, max-video-preview:-1\" \/>\n<link rel=\"canonical\" href=\"https:\/\/puclepucle.com\/produkt\/trnava\/\" \/>\n<meta property=\"og:locale\" content=\"cs_CZ\" \/>\n<meta property=\"og:type\" content=\"article\" \/>\n<meta property=\"og:title\" content=\"Trnava\" \/>\n<meta property=\"og:description\" content=\"Spoznajte dizajniv\u00e9 ilustrovan\u00e9 puzzle s mot\u00edvmi od kreat\u00edvnych ilustr\u00e1torov a ilustr\u00e1toriek na puzzle, ktor\u00e9 po poskladan\u00ed nemus\u00edte lepi\u0165. Spoznajte Pucle.\" \/>\n<meta property=\"og:url\" content=\"https:\/\/puclepucle.com\/produkt\/trnava\/\" \/>\n<meta property=\"og:site_name\" content=\"Ilustrovan\u00e9 puzzle s d\u0159ev\u011bn\u00fdm r\u00e1mem Pucle | Puzzle pln\u00e9 um\u011bn\u00ed\" \/>\n<meta property=\"article:publisher\" content=\"https:\/\/www.facebook.com\/puclepucle\" \/>\n<meta property=\"article:modified_time\" content=\"2024-09-25T08:23:18+00:00\" \/>\n<meta property=\"og:image\" content=\"https:\/\/puclepucle.com\/wp-content\/uploads\/2024\/09\/IMG-Product-16.png\" \/>\n\t<meta property=\"og:image:width\" content=\"676\" \/>\n\t<meta property=\"og:image:height\" content=\"686\" \/>\n\t<meta property=\"og:image:type\" content=\"image\/png\" \/>\n<meta name=\"twitter:card\" content=\"summary_large_image\" \/>\n<meta name=\"twitter:label1\" content=\"Odhadovan\u00e1 doba \u010dten\u00ed\" \/>\n\t<meta name=\"twitter:data1\" content=\"1 minuta\" \/>\n<script type=\"application\/ld+json\" class=\"yoast-schema-graph\">{\"@context\":\"https:\/\/schema.org\",\"@graph\":[{\"@type\":\"WebPage\",\"@id\":\"https:\/\/puclepucle.com\/produkt\/trnava\/\",\"url\":\"https:\/\/puclepucle.com\/produkt\/trnava\/\",\"name\":\"Trnava - Ilustrovan\u00e9 puzzle s d\u0159ev\u011bn\u00fdm r\u00e1mem Pucle | Puzzle pln\u00e9 um\u011bn\u00ed\",\"isPartOf\":{\"@id\":\"https:\/\/puclepucle.com\/#website\"},\"primaryImageOfPage\":{\"@id\":\"https:\/\/puclepucle.com\/produkt\/trnava\/#primaryimage\"},\"image\":{\"@id\":\"https:\/\/puclepucle.com\/produkt\/trnava\/#primaryimage\"},\"thumbnailUrl\":\"https:\/\/puclepucle.com\/wp-content\/uploads\/2024\/09\/Pucle-1000dilku-Cisarove.png\",\"datePublished\":\"2024-09-24T19:50:49+00:00\",\"dateModified\":\"2024-09-25T08:23:18+00:00\",\"description\":\"Spoznajte dizajniv\u00e9 ilustrovan\u00e9 puzzle s mot\u00edvmi od kreat\u00edvnych ilustr\u00e1torov a ilustr\u00e1toriek na puzzle, ktor\u00e9 po poskladan\u00ed nemus\u00edte lepi\u0165. Spoznajte Pucle.\",\"breadcrumb\":{\"@id\":\"https:\/\/puclepucle.com\/produkt\/trnava\/#breadcrumb\"},\"inLanguage\":\"cs\",\"potentialAction\":[{\"@type\":\"ReadAction\",\"target\":[\"https:\/\/puclepucle.com\/produkt\/trnava\/\"]}]},{\"@type\":\"ImageObject\",\"inLanguage\":\"cs\",\"@id\":\"https:\/\/puclepucle.com\/produkt\/trnava\/#primaryimage\",\"url\":\"https:\/\/puclepucle.com\/wp-content\/uploads\/2024\/09\/Pucle-1000dilku-Cisarove.png\",\"contentUrl\":\"https:\/\/puclepucle.com\/wp-content\/uploads\/2024\/09\/Pucle-1000dilku-Cisarove.png\",\"width\":600,\"height\":600},{\"@type\":\"BreadcrumbList\",\"@id\":\"https:\/\/puclepucle.com\/produkt\/trnava\/#breadcrumb\",\"itemListElement\":[{\"@type\":\"ListItem\",\"position\":1,\"name\":\"Domov\",\"item\":\"https:\/\/puclepucle.com\/\"},{\"@type\":\"ListItem\",\"position\":2,\"name\":\"Shop\",\"item\":\"https:\/\/puclepucle.com\/cs\/obchod\/\"},{\"@type\":\"ListItem\",\"position\":3,\"name\":\"Trnava\"}]},{\"@type\":\"WebSite\",\"@id\":\"https:\/\/puclepucle.com\/#website\",\"url\":\"https:\/\/puclepucle.com\/\",\"name\":\"Ilustrovan\u00e9 puzzle s dreven\u00fdm r\u00e1mom Pucle | Puzzle pln\u00e9 umenia\",\"description\":\"Skladajte a r\u00e1mujte bez lepenia puzzle ilustrovan\u00e9 talentovan\u00fdmi umelcami a dizajn\u00e9rmi\",\"publisher\":{\"@id\":\"https:\/\/puclepucle.com\/#organization\"},\"alternateName\":\"Dizajnov\u00e9 puzzle s dreven\u00fdm r\u00e1mom\",\"potentialAction\":[{\"@type\":\"SearchAction\",\"target\":{\"@type\":\"EntryPoint\",\"urlTemplate\":\"https:\/\/puclepucle.com\/?s={search_term_string}\"},\"query-input\":{\"@type\":\"PropertyValueSpecification\",\"valueRequired\":true,\"valueName\":\"search_term_string\"}}],\"inLanguage\":\"cs\"},{\"@type\":\"Organization\",\"@id\":\"https:\/\/puclepucle.com\/#organization\",\"name\":\"PuclePucle\",\"alternateName\":\"Pucle\",\"url\":\"https:\/\/puclepucle.com\/\",\"logo\":{\"@type\":\"ImageObject\",\"inLanguage\":\"cs\",\"@id\":\"https:\/\/puclepucle.com\/#\/schema\/logo\/image\/\",\"url\":\"https:\/\/puclepucle.com\/wp-content\/uploads\/2023\/09\/pucle-logo-dark.png\",\"contentUrl\":\"https:\/\/puclepucle.com\/wp-content\/uploads\/2023\/09\/pucle-logo-dark.png\",\"width\":160,\"height\":51,\"caption\":\"PuclePucle\"},\"image\":{\"@id\":\"https:\/\/puclepucle.com\/#\/schema\/logo\/image\/\"},\"sameAs\":[\"https:\/\/www.facebook.com\/puclepucle\",\"https:\/\/www.instagram.com\/puclepucle\/?hl=en\",\"https:\/\/www.youtube.com\/@pucle1122\",\"https:\/\/sk.pinterest.com\/puclepucle\/\"],\"ownershipFundingInfo\":\"https:\/\/puclepucle.com\/o-nas\/\",\"correctionsPolicy\":\"https:\/\/puclepucle.com\/obchodne-podmienky\/\",\"ethicsPolicy\":\"https:\/\/puclepucle.com\/obchodne-podmienky\/\",\"diversityPolicy\":\"https:\/\/puclepucle.com\/ako-to-funguje\/\"}]}<\/script>\n<!-- \/ Yoast SEO Premium plugin. -->","yoast_head_json":{"title":"Trnava - Ilustrovan\u00e9 puzzle s d\u0159ev\u011bn\u00fdm r\u00e1mem Pucle | Puzzle pln\u00e9 um\u011bn\u00ed","description":"Spoznajte dizajniv\u00e9 ilustrovan\u00e9 puzzle s mot\u00edvmi od kreat\u00edvnych ilustr\u00e1torov a ilustr\u00e1toriek na puzzle, ktor\u00e9 po poskladan\u00ed nemus\u00edte lepi\u0165. Spoznajte Pucle.","robots":{"index":"index","follow":"follow","max-snippet":"max-snippet:-1","max-image-preview":"max-image-preview:large","max-video-preview":"max-video-preview:-1"},"canonical":"https:\/\/puclepucle.com\/produkt\/trnava\/","og_locale":"cs_CZ","og_type":"article","og_title":"Trnava","og_description":"Spoznajte dizajniv\u00e9 ilustrovan\u00e9 puzzle s mot\u00edvmi od kreat\u00edvnych ilustr\u00e1torov a ilustr\u00e1toriek na puzzle, ktor\u00e9 po poskladan\u00ed nemus\u00edte lepi\u0165. Spoznajte Pucle.","og_url":"https:\/\/puclepucle.com\/produkt\/trnava\/","og_site_name":"Ilustrovan\u00e9 puzzle s d\u0159ev\u011bn\u00fdm r\u00e1mem Pucle | Puzzle pln\u00e9 um\u011bn\u00ed","article_publisher":"https:\/\/www.facebook.com\/puclepucle","article_modified_time":"2024-09-25T08:23:18+00:00","og_image":[{"width":676,"height":686,"url":"https:\/\/puclepucle.com\/wp-content\/uploads\/2024\/09\/IMG-Product-16.png","type":"image\/png"}],"twitter_card":"summary_large_image","twitter_misc":{"Odhadovan\u00e1 doba \u010dten\u00ed":"1 minuta"},"schema":{"@context":"https:\/\/schema.org","@graph":[{"@type":"WebPage","@id":"https:\/\/puclepucle.com\/produkt\/trnava\/","url":"https:\/\/puclepucle.com\/produkt\/trnava\/","name":"Trnava - Ilustrovan\u00e9 puzzle s d\u0159ev\u011bn\u00fdm r\u00e1mem Pucle | Puzzle pln\u00e9 um\u011bn\u00ed","isPartOf":{"@id":"https:\/\/puclepucle.com\/#website"},"primaryImageOfPage":{"@id":"https:\/\/puclepucle.com\/produkt\/trnava\/#primaryimage"},"image":{"@id":"https:\/\/puclepucle.com\/produkt\/trnava\/#primaryimage"},"thumbnailUrl":"https:\/\/puclepucle.com\/wp-content\/uploads\/2024\/09\/Pucle-1000dilku-Cisarove.png","datePublished":"2024-09-24T19:50:49+00:00","dateModified":"2024-09-25T08:23:18+00:00","description":"Spoznajte dizajniv\u00e9 ilustrovan\u00e9 puzzle s mot\u00edvmi od kreat\u00edvnych ilustr\u00e1torov a ilustr\u00e1toriek na puzzle, ktor\u00e9 po poskladan\u00ed nemus\u00edte lepi\u0165. Spoznajte Pucle.","breadcrumb":{"@id":"https:\/\/puclepucle.com\/produkt\/trnava\/#breadcrumb"},"inLanguage":"cs","potentialAction":[{"@type":"ReadAction","target":["https:\/\/puclepucle.com\/produkt\/trnava\/"]}]},{"@type":"ImageObject","inLanguage":"cs","@id":"https:\/\/puclepucle.com\/produkt\/trnava\/#primaryimage","url":"https:\/\/puclepucle.com\/wp-content\/uploads\/2024\/09\/Pucle-1000dilku-Cisarove.png","contentUrl":"https:\/\/puclepucle.com\/wp-content\/uploads\/2024\/09\/Pucle-1000dilku-Cisarove.png","width":600,"height":600},{"@type":"BreadcrumbList","@id":"https:\/\/puclepucle.com\/produkt\/trnava\/#breadcrumb","itemListElement":[{"@type":"ListItem","position":1,"name":"Domov","item":"https:\/\/puclepucle.com\/"},{"@type":"ListItem","position":2,"name":"Shop","item":"https:\/\/puclepucle.com\/cs\/obchod\/"},{"@type":"ListItem","position":3,"name":"Trnava"}]},{"@type":"WebSite","@id":"https:\/\/puclepucle.com\/#website","url":"https:\/\/puclepucle.com\/","name":"Ilustrovan\u00e9 puzzle s dreven\u00fdm r\u00e1mom Pucle | Puzzle pln\u00e9 umenia","description":"Skladajte a r\u00e1mujte bez lepenia puzzle ilustrovan\u00e9 talentovan\u00fdmi umelcami a dizajn\u00e9rmi","publisher":{"@id":"https:\/\/puclepucle.com\/#organization"},"alternateName":"Dizajnov\u00e9 puzzle s dreven\u00fdm r\u00e1mom","potentialAction":[{"@type":"SearchAction","target":{"@type":"EntryPoint","urlTemplate":"https:\/\/puclepucle.com\/?s={search_term_string}"},"query-input":{"@type":"PropertyValueSpecification","valueRequired":true,"valueName":"search_term_string"}}],"inLanguage":"cs"},{"@type":"Organization","@id":"https:\/\/puclepucle.com\/#organization","name":"PuclePucle","alternateName":"Pucle","url":"https:\/\/puclepucle.com\/","logo":{"@type":"ImageObject","inLanguage":"cs","@id":"https:\/\/puclepucle.com\/#\/schema\/logo\/image\/","url":"https:\/\/puclepucle.com\/wp-content\/uploads\/2023\/09\/pucle-logo-dark.png","contentUrl":"https:\/\/puclepucle.com\/wp-content\/uploads\/2023\/09\/pucle-logo-dark.png","width":160,"height":51,"caption":"PuclePucle"},"image":{"@id":"https:\/\/puclepucle.com\/#\/schema\/logo\/image\/"},"sameAs":["https:\/\/www.facebook.com\/puclepucle","https:\/\/www.instagram.com\/puclepucle\/?hl=en","https:\/\/www.youtube.com\/@pucle1122","https:\/\/sk.pinterest.com\/puclepucle\/"],"ownershipFundingInfo":"https:\/\/puclepucle.com\/o-nas\/","correctionsPolicy":"https:\/\/puclepucle.com\/obchodne-podmienky\/","ethicsPolicy":"https:\/\/puclepucle.com\/obchodne-podmienky\/","diversityPolicy":"https:\/\/puclepucle.com\/ako-to-funguje\/"}]}},"_links":{"self":[{"href":"https:\/\/puclepucle.com\/cs\/wp-json\/wp\/v2\/product\/8600","targetHints":{"allow":["GET"]}}],"collection":[{"href":"https:\/\/puclepucle.com\/cs\/wp-json\/wp\/v2\/product"}],"about":[{"href":"https:\/\/puclepucle.com\/cs\/wp-json\/wp\/v2\/types\/product"}],"wp:featuredmedia":[{"embeddable":true,"href":"https:\/\/puclepucle.com\/cs\/wp-json\/wp\/v2\/media\/8606"}],"wp:attachment":[{"href":"https:\/\/puclepucle.com\/cs\/wp-json\/wp\/v2\/media?parent=8600"}],"wp:term":[{"taxonomy":"product_brand","embeddable":true,"href":"https:\/\/puclepucle.com\/cs\/wp-json\/wp\/v2\/product_brand?post=8600"},{"taxonomy":"product_cat","embeddable":true,"href":"https:\/\/puclepucle.com\/cs\/wp-json\/wp\/v2\/product_cat?post=8600"},{"taxonomy":"product_tag","embeddable":true,"href":"https:\/\/puclepucle.com\/cs\/wp-json\/wp\/v2\/product_tag?post=8600"},{"taxonomy":"giftcard-category","embeddable":true,"href":"https:\/\/puclepucle.com\/cs\/wp-json\/wp\/v2\/giftcard-category?post=8600"}],"curies":[{"name":"wp","href":"https:\/\/api.w.org\/{rel}","templated":true}]}}