{"id":5044,"date":"2023-03-10T10:49:15","date_gmt":"2023-03-10T09:49:15","guid":{"rendered":"http:\/\/puclepucle.com\/cart\/"},"modified":"2024-04-08T21:42:32","modified_gmt":"2024-04-08T19:42:32","slug":"cart","status":"publish","type":"page","link":"https:\/\/puclepucle.com\/en\/cart\/","title":{"rendered":"Your Pucle basket"},"content":{"rendered":"\t\t<div data-elementor-type=\"wp-page\" data-elementor-id=\"5044\" class=\"elementor elementor-5044 elementor-7\" data-elementor-post-type=\"page\">\n\t\t\t\t\t\t<section class=\"elementor-section elementor-top-section elementor-element elementor-element-b233362 elementor-section-stretched elementor-section-boxed elementor-section-height-default elementor-section-height-default\" data-id=\"b233362\" data-element_type=\"section\" data-settings=\"{&quot;stretch_section&quot;:&quot;section-stretched&quot;}\">\n\t\t\t\t\t\t<div class=\"elementor-container elementor-column-gap-default\">\n\t\t\t\t\t<div class=\"elementor-column elementor-col-100 elementor-top-column elementor-element elementor-element-21ecea0\" data-id=\"21ecea0\" data-element_type=\"column\">\n\t\t\t<div class=\"elementor-widget-wrap elementor-element-populated\">\n\t\t\t\t\t\t<div class=\"elementor-element elementor-element-fc8918d elementor-widget__width-auto elementor-widget elementor-widget-heading\" data-id=\"fc8918d\" data-element_type=\"widget\" data-widget_type=\"heading.default\">\n\t\t\t\t<div class=\"elementor-widget-container\">\n\t\t\t\t\t<h2 class=\"elementor-heading-title elementor-size-default\">Your Pucle basket<\/h2>\t\t\t\t<\/div>\n\t\t\t\t<\/div>\n\t\t\t\t<div class=\"elementor-element elementor-element-2d9361e elementor-widget__width-auto elementor-widget elementor-widget-button\" data-id=\"2d9361e\" data-element_type=\"widget\" data-widget_type=\"button.default\">\n\t\t\t\t<div class=\"elementor-widget-container\">\n\t\t\t\t\t\t\t\t\t<div class=\"elementor-button-wrapper\">\n\t\t\t\t\t<a class=\"elementor-button elementor-button-link elementor-size-sm\" href=\"https:\/\/puclepucle.com\/en\/shop\/\">\n\t\t\t\t\t\t<span class=\"elementor-button-content-wrapper\">\n\t\t\t\t\t\t<span class=\"elementor-button-icon\">\n\t\t\t\t<i aria-hidden=\"true\" class=\"fas fa-chevron-right\"><\/i>\t\t\t<\/span>\n\t\t\t\t\t\t\t\t\t<span class=\"elementor-button-text\">Continue shopping<\/span>\n\t\t\t\t\t<\/span>\n\t\t\t\t\t<\/a>\n\t\t\t\t<\/div>\n\t\t\t\t\t\t\t\t<\/div>\n\t\t\t\t<\/div>\n\t\t\t\t<div class=\"elementor-element elementor-element-6627636 elementor-widget-divider--view-line elementor-widget elementor-widget-divider\" data-id=\"6627636\" data-element_type=\"widget\" data-widget_type=\"divider.default\">\n\t\t\t\t<div class=\"elementor-widget-container\">\n\t\t\t\t\t\t\t<div class=\"elementor-divider\">\n\t\t\t<span class=\"elementor-divider-separator\">\n\t\t\t\t\t\t<\/span>\n\t\t<\/div>\n\t\t\t\t\t\t<\/div>\n\t\t\t\t<\/div>\n\t\t\t\t<div class=\"elementor-element elementor-element-ed31174 e-cart-empty-template-active e-cart-layout-one-column kosik elementor-widget elementor-widget-woocommerce-cart\" data-id=\"ed31174\" data-element_type=\"widget\" data-widget_type=\"woocommerce-cart.default\">\n\t\t\t\t<div class=\"elementor-widget-container\">\n\t\t\t\t\t<div class=\"woocommerce\"><div class=\"woocommerce-notices-wrapper\"><\/div><div class=\"wc-empty-cart-message\">\n\t<div class=\"cart-empty woocommerce-info\" role=\"status\">\n\t\tYour cart is currently empty.\t<\/div>\n<\/div>\t<p class=\"return-to-shop\">\n\t\t<a class=\"button wc-backward\" href=\"https:\/\/puclepucle.com\/en\/shop\/\">\n\t\t\tReturn to shop\t\t<\/a>\n\t<\/p>\n<\/div>\t\t\t\t<\/div>\n\t\t\t\t<\/div>\n\t\t\t\t\t<\/div>\n\t\t<\/div>\n\t\t\t\t\t<\/div>\n\t\t<\/section>\n\t\t\t\t<\/div>\n\t\t","protected":false},"excerpt":{"rendered":"<p>Your Pucle basket Continue shopping Vyskladajte si dopravu zadarmo. Sta\u010d\u00ed, ak nak\u00fapite e\u0161te za 74.50 &euro; a po\u0161tovn\u00e9 plat\u00edme my \ud83d\udc4b Odobra\u0165 polo\u017eku Obr\u00e1zok miniat\u00fary Produkt Cena Po\u010det Medzis\u00fa\u010det Azul Po\u010det d\u00edlk\u016f: 1000 45,5&nbsp;&euro; &#8211; mno\u017estvo Azul&nbsp; + 45,5&nbsp;&euro; (s DPH) Refresh Use Coupon Medzis\u00fa\u010det 45,5&nbsp;&euro; (s DPH) Doprava Packeta: 3,6&nbsp;&euro; (s DPH) Packeta ve\u010dern\u00ed [&hellip;]<\/p>\n","protected":false},"author":1,"featured_media":0,"parent":0,"menu_order":0,"comment_status":"closed","ping_status":"closed","template":"","meta":{"_acf_changed":false,"site-sidebar-layout":"default","site-content-layout":"","ast-site-content-layout":"default","site-content-style":"default","site-sidebar-style":"default","ast-global-header-display":"","ast-banner-title-visibility":"","ast-main-header-display":"","ast-hfb-above-header-display":"","ast-hfb-below-header-display":"","ast-hfb-mobile-header-display":"","site-post-title":"","ast-breadcrumbs-content":"","ast-featured-img":"","footer-sml-layout":"","theme-transparent-header-meta":"","adv-header-id-meta":"","stick-header-meta":"","header-above-stick-meta":"","header-main-stick-meta":"","header-below-stick-meta":"","astra-migrate-meta-layouts":"default","ast-page-background-enabled":"default","ast-page-background-meta":{"desktop":{"background-color":"var(--ast-global-color-4)","background-image":"","background-repeat":"repeat","background-position":"center center","background-size":"auto","background-attachment":"scroll","background-type":"","background-media":"","overlay-type":"","overlay-color":"","overlay-opacity":"","overlay-gradient":""},"tablet":{"background-color":"","background-image":"","background-repeat":"repeat","background-position":"center center","background-size":"auto","background-attachment":"scroll","background-type":"","background-media":"","overlay-type":"","overlay-color":"","overlay-opacity":"","overlay-gradient":""},"mobile":{"background-color":"","background-image":"","background-repeat":"repeat","background-position":"center center","background-size":"auto","background-attachment":"scroll","background-type":"","background-media":"","overlay-type":"","overlay-color":"","overlay-opacity":"","overlay-gradient":""}},"ast-content-background-meta":{"desktop":{"background-color":"var(--ast-global-color-5)","background-image":"","background-repeat":"repeat","background-position":"center center","background-size":"auto","background-attachment":"scroll","background-type":"","background-media":"","overlay-type":"","overlay-color":"","overlay-opacity":"","overlay-gradient":""},"tablet":{"background-color":"var(--ast-global-color-5)","background-image":"","background-repeat":"repeat","background-position":"center center","background-size":"auto","background-attachment":"scroll","background-type":"","background-media":"","overlay-type":"","overlay-color":"","overlay-opacity":"","overlay-gradient":""},"mobile":{"background-color":"var(--ast-global-color-5)","background-image":"","background-repeat":"repeat","background-position":"center center","background-size":"auto","background-attachment":"scroll","background-type":"","background-media":"","overlay-type":"","overlay-color":"","overlay-opacity":"","overlay-gradient":""}},"footnotes":""},"class_list":["post-5044","page","type-page","status-publish","hentry"],"acf":[],"yoast_head":"<!-- This site is optimized with the Yoast SEO Premium plugin v24.2 (Yoast SEO v26.0) - https:\/\/yoast.com\/wordpress\/plugins\/seo\/ -->\n<title>Your Pucle basket - Pucle illustrated wooden frame puzzle | A puzzle full of art<\/title>\n<meta name=\"description\" content=\"Ilustrovan\u00e9 puzzle Pucle in\u0161pir\u00e1cie pri skladan\u00ed zauj\u00edmav\u00fdch mot\u00edvov od kreat\u00edvnych umelcov na puzzle.\" \/>\n<meta name=\"robots\" content=\"index, follow, max-snippet:-1, max-image-preview:large, max-video-preview:-1\" \/>\n<link rel=\"canonical\" href=\"https:\/\/puclepucle.com\/kosik\/\" \/>\n<meta property=\"og:locale\" content=\"en_US\" \/>\n<meta property=\"og:type\" content=\"article\" \/>\n<meta property=\"og:title\" content=\"Your Pucle basket\" \/>\n<meta property=\"og:description\" content=\"Ilustrovan\u00e9 puzzle Pucle in\u0161pir\u00e1cie pri skladan\u00ed zauj\u00edmav\u00fdch mot\u00edvov od kreat\u00edvnych umelcov na puzzle.\" \/>\n<meta property=\"og:url\" content=\"https:\/\/puclepucle.com\/kosik\/\" \/>\n<meta property=\"og:site_name\" content=\"Pucle illustrated wooden frame puzzle | A puzzle full of art\" \/>\n<meta property=\"article:publisher\" content=\"https:\/\/www.facebook.com\/puclepucle\" \/>\n<meta property=\"article:modified_time\" content=\"2024-04-08T19:42:32+00:00\" \/>\n<meta property=\"og:image\" content=\"https:\/\/puclepucle.com\/wp-content\/uploads\/2023\/07\/IMG-Product-5-1-300x295.png\" \/>\n<meta name=\"twitter:card\" content=\"summary_large_image\" \/>\n<meta name=\"twitter:label1\" content=\"Est. reading time\" \/>\n\t<meta name=\"twitter:data1\" content=\"3 minutes\" \/>\n<script type=\"application\/ld+json\" class=\"yoast-schema-graph\">{\"@context\":\"https:\/\/schema.org\",\"@graph\":[{\"@type\":\"WebPage\",\"@id\":\"https:\/\/puclepucle.com\/kosik\/\",\"url\":\"https:\/\/puclepucle.com\/kosik\/\",\"name\":\"Your Pucle basket - Pucle illustrated wooden frame puzzle | A puzzle full of art\",\"isPartOf\":{\"@id\":\"https:\/\/puclepucle.com\/#website\"},\"primaryImageOfPage\":{\"@id\":\"https:\/\/puclepucle.com\/kosik\/#primaryimage\"},\"image\":{\"@id\":\"https:\/\/puclepucle.com\/kosik\/#primaryimage\"},\"thumbnailUrl\":\"https:\/\/puclepucle.com\/wp-content\/uploads\/2023\/07\/IMG-Product-5-1-300x295.png\",\"datePublished\":\"2023-03-10T09:49:15+00:00\",\"dateModified\":\"2024-04-08T19:42:32+00:00\",\"description\":\"Ilustrovan\u00e9 puzzle Pucle in\u0161pir\u00e1cie pri skladan\u00ed zauj\u00edmav\u00fdch mot\u00edvov od kreat\u00edvnych umelcov na puzzle.\",\"breadcrumb\":{\"@id\":\"https:\/\/puclepucle.com\/kosik\/#breadcrumb\"},\"inLanguage\":\"en-US\",\"potentialAction\":[{\"@type\":\"ReadAction\",\"target\":[\"https:\/\/puclepucle.com\/kosik\/\"]}]},{\"@type\":\"ImageObject\",\"inLanguage\":\"en-US\",\"@id\":\"https:\/\/puclepucle.com\/kosik\/#primaryimage\",\"url\":\"https:\/\/puclepucle.com\/wp-content\/uploads\/2023\/07\/IMG-Product-5-1-300x295.png\",\"contentUrl\":\"https:\/\/puclepucle.com\/wp-content\/uploads\/2023\/07\/IMG-Product-5-1-300x295.png\"},{\"@type\":\"BreadcrumbList\",\"@id\":\"https:\/\/puclepucle.com\/kosik\/#breadcrumb\",\"itemListElement\":[{\"@type\":\"ListItem\",\"position\":1,\"name\":\"Domov\",\"item\":\"https:\/\/puclepucle.com\/\"},{\"@type\":\"ListItem\",\"position\":2,\"name\":\"Your Pucle basket\"}]},{\"@type\":\"WebSite\",\"@id\":\"https:\/\/puclepucle.com\/#website\",\"url\":\"https:\/\/puclepucle.com\/\",\"name\":\"Ilustrovan\u00e9 puzzle s dreven\u00fdm r\u00e1mom Pucle | Puzzle pln\u00e9 umenia\",\"description\":\"Skladajte a r\u00e1mujte bez lepenia puzzle ilustrovan\u00e9 talentovan\u00fdmi umelcami a dizajn\u00e9rmi\",\"publisher\":{\"@id\":\"https:\/\/puclepucle.com\/#organization\"},\"alternateName\":\"Dizajnov\u00e9 puzzle s dreven\u00fdm r\u00e1mom\",\"potentialAction\":[{\"@type\":\"SearchAction\",\"target\":{\"@type\":\"EntryPoint\",\"urlTemplate\":\"https:\/\/puclepucle.com\/?s={search_term_string}\"},\"query-input\":{\"@type\":\"PropertyValueSpecification\",\"valueRequired\":true,\"valueName\":\"search_term_string\"}}],\"inLanguage\":\"en-US\"},{\"@type\":\"Organization\",\"@id\":\"https:\/\/puclepucle.com\/#organization\",\"name\":\"PuclePucle\",\"alternateName\":\"Pucle\",\"url\":\"https:\/\/puclepucle.com\/\",\"logo\":{\"@type\":\"ImageObject\",\"inLanguage\":\"en-US\",\"@id\":\"https:\/\/puclepucle.com\/#\/schema\/logo\/image\/\",\"url\":\"https:\/\/puclepucle.com\/wp-content\/uploads\/2023\/09\/pucle-logo-dark.png\",\"contentUrl\":\"https:\/\/puclepucle.com\/wp-content\/uploads\/2023\/09\/pucle-logo-dark.png\",\"width\":160,\"height\":51,\"caption\":\"PuclePucle\"},\"image\":{\"@id\":\"https:\/\/puclepucle.com\/#\/schema\/logo\/image\/\"},\"sameAs\":[\"https:\/\/www.facebook.com\/puclepucle\",\"https:\/\/www.instagram.com\/puclepucle\/?hl=en\",\"https:\/\/www.youtube.com\/@pucle1122\",\"https:\/\/sk.pinterest.com\/puclepucle\/\"],\"ownershipFundingInfo\":\"https:\/\/puclepucle.com\/o-nas\/\",\"correctionsPolicy\":\"https:\/\/puclepucle.com\/obchodne-podmienky\/\",\"ethicsPolicy\":\"https:\/\/puclepucle.com\/obchodne-podmienky\/\",\"diversityPolicy\":\"https:\/\/puclepucle.com\/ako-to-funguje\/\"}]}<\/script>\n<!-- \/ Yoast SEO Premium plugin. -->","yoast_head_json":{"title":"Your Pucle basket - Pucle illustrated wooden frame puzzle | A puzzle full of art","description":"Ilustrovan\u00e9 puzzle Pucle in\u0161pir\u00e1cie pri skladan\u00ed zauj\u00edmav\u00fdch mot\u00edvov od kreat\u00edvnych umelcov na puzzle.","robots":{"index":"index","follow":"follow","max-snippet":"max-snippet:-1","max-image-preview":"max-image-preview:large","max-video-preview":"max-video-preview:-1"},"canonical":"https:\/\/puclepucle.com\/kosik\/","og_locale":"en_US","og_type":"article","og_title":"Your Pucle basket","og_description":"Ilustrovan\u00e9 puzzle Pucle in\u0161pir\u00e1cie pri skladan\u00ed zauj\u00edmav\u00fdch mot\u00edvov od kreat\u00edvnych umelcov na puzzle.","og_url":"https:\/\/puclepucle.com\/kosik\/","og_site_name":"Pucle illustrated wooden frame puzzle | A puzzle full of art","article_publisher":"https:\/\/www.facebook.com\/puclepucle","article_modified_time":"2024-04-08T19:42:32+00:00","og_image":[{"url":"https:\/\/puclepucle.com\/wp-content\/uploads\/2023\/07\/IMG-Product-5-1-300x295.png","type":"","width":"","height":""}],"twitter_card":"summary_large_image","twitter_misc":{"Est. reading time":"3 minutes"},"schema":{"@context":"https:\/\/schema.org","@graph":[{"@type":"WebPage","@id":"https:\/\/puclepucle.com\/kosik\/","url":"https:\/\/puclepucle.com\/kosik\/","name":"Your Pucle basket - Pucle illustrated wooden frame puzzle | A puzzle full of art","isPartOf":{"@id":"https:\/\/puclepucle.com\/#website"},"primaryImageOfPage":{"@id":"https:\/\/puclepucle.com\/kosik\/#primaryimage"},"image":{"@id":"https:\/\/puclepucle.com\/kosik\/#primaryimage"},"thumbnailUrl":"https:\/\/puclepucle.com\/wp-content\/uploads\/2023\/07\/IMG-Product-5-1-300x295.png","datePublished":"2023-03-10T09:49:15+00:00","dateModified":"2024-04-08T19:42:32+00:00","description":"Ilustrovan\u00e9 puzzle Pucle in\u0161pir\u00e1cie pri skladan\u00ed zauj\u00edmav\u00fdch mot\u00edvov od kreat\u00edvnych umelcov na puzzle.","breadcrumb":{"@id":"https:\/\/puclepucle.com\/kosik\/#breadcrumb"},"inLanguage":"en-US","potentialAction":[{"@type":"ReadAction","target":["https:\/\/puclepucle.com\/kosik\/"]}]},{"@type":"ImageObject","inLanguage":"en-US","@id":"https:\/\/puclepucle.com\/kosik\/#primaryimage","url":"https:\/\/puclepucle.com\/wp-content\/uploads\/2023\/07\/IMG-Product-5-1-300x295.png","contentUrl":"https:\/\/puclepucle.com\/wp-content\/uploads\/2023\/07\/IMG-Product-5-1-300x295.png"},{"@type":"BreadcrumbList","@id":"https:\/\/puclepucle.com\/kosik\/#breadcrumb","itemListElement":[{"@type":"ListItem","position":1,"name":"Domov","item":"https:\/\/puclepucle.com\/"},{"@type":"ListItem","position":2,"name":"Your Pucle basket"}]},{"@type":"WebSite","@id":"https:\/\/puclepucle.com\/#website","url":"https:\/\/puclepucle.com\/","name":"Ilustrovan\u00e9 puzzle s dreven\u00fdm r\u00e1mom Pucle | Puzzle pln\u00e9 umenia","description":"Skladajte a r\u00e1mujte bez lepenia puzzle ilustrovan\u00e9 talentovan\u00fdmi umelcami a dizajn\u00e9rmi","publisher":{"@id":"https:\/\/puclepucle.com\/#organization"},"alternateName":"Dizajnov\u00e9 puzzle s dreven\u00fdm r\u00e1mom","potentialAction":[{"@type":"SearchAction","target":{"@type":"EntryPoint","urlTemplate":"https:\/\/puclepucle.com\/?s={search_term_string}"},"query-input":{"@type":"PropertyValueSpecification","valueRequired":true,"valueName":"search_term_string"}}],"inLanguage":"en-US"},{"@type":"Organization","@id":"https:\/\/puclepucle.com\/#organization","name":"PuclePucle","alternateName":"Pucle","url":"https:\/\/puclepucle.com\/","logo":{"@type":"ImageObject","inLanguage":"en-US","@id":"https:\/\/puclepucle.com\/#\/schema\/logo\/image\/","url":"https:\/\/puclepucle.com\/wp-content\/uploads\/2023\/09\/pucle-logo-dark.png","contentUrl":"https:\/\/puclepucle.com\/wp-content\/uploads\/2023\/09\/pucle-logo-dark.png","width":160,"height":51,"caption":"PuclePucle"},"image":{"@id":"https:\/\/puclepucle.com\/#\/schema\/logo\/image\/"},"sameAs":["https:\/\/www.facebook.com\/puclepucle","https:\/\/www.instagram.com\/puclepucle\/?hl=en","https:\/\/www.youtube.com\/@pucle1122","https:\/\/sk.pinterest.com\/puclepucle\/"],"ownershipFundingInfo":"https:\/\/puclepucle.com\/o-nas\/","correctionsPolicy":"https:\/\/puclepucle.com\/obchodne-podmienky\/","ethicsPolicy":"https:\/\/puclepucle.com\/obchodne-podmienky\/","diversityPolicy":"https:\/\/puclepucle.com\/ako-to-funguje\/"}]}},"_links":{"self":[{"href":"https:\/\/puclepucle.com\/en\/wp-json\/wp\/v2\/pages\/5044","targetHints":{"allow":["GET"]}}],"collection":[{"href":"https:\/\/puclepucle.com\/en\/wp-json\/wp\/v2\/pages"}],"about":[{"href":"https:\/\/puclepucle.com\/en\/wp-json\/wp\/v2\/types\/page"}],"author":[{"embeddable":true,"href":"https:\/\/puclepucle.com\/en\/wp-json\/wp\/v2\/users\/1"}],"replies":[{"embeddable":true,"href":"https:\/\/puclepucle.com\/en\/wp-json\/wp\/v2\/comments?post=5044"}],"version-history":[{"count":5,"href":"https:\/\/puclepucle.com\/en\/wp-json\/wp\/v2\/pages\/5044\/revisions"}],"predecessor-version":[{"id":8199,"href":"https:\/\/puclepucle.com\/en\/wp-json\/wp\/v2\/pages\/5044\/revisions\/8199"}],"wp:attachment":[{"href":"https:\/\/puclepucle.com\/en\/wp-json\/wp\/v2\/media?parent=5044"}],"curies":[{"name":"wp","href":"https:\/\/api.w.org\/{rel}","templated":true}]}}