{"id":6392,"date":"2023-09-22T18:18:34","date_gmt":"2023-09-22T16:18:34","guid":{"rendered":"http:\/\/puclepucle.com\/inspirations\/"},"modified":"2023-10-05T13:35:48","modified_gmt":"2023-10-05T11:35:48","slug":"inspirations","status":"publish","type":"page","link":"https:\/\/puclepucle.com\/en\/inspirations\/","title":{"rendered":"Inspirations"},"content":{"rendered":"\t\t<div data-elementor-type=\"wp-page\" data-elementor-id=\"6392\" class=\"elementor elementor-6392 elementor-5867\" data-elementor-post-type=\"page\">\n\t\t\t\t\t\t<section class=\"elementor-section elementor-top-section elementor-element elementor-element-9421304 elementor-hidden-tablet elementor-hidden-mobile elementor-section-boxed elementor-section-height-default elementor-section-height-default\" data-id=\"9421304\" data-element_type=\"section\">\n\t\t\t\t\t\t<div class=\"elementor-container elementor-column-gap-default\">\n\t\t\t\t\t<div class=\"elementor-column elementor-col-100 elementor-top-column elementor-element elementor-element-5695860\" data-id=\"5695860\" data-element_type=\"column\">\n\t\t\t<div class=\"elementor-widget-wrap elementor-element-populated\">\n\t\t\t\t\t\t<div class=\"elementor-element elementor-element-0a34199 elementor-widget elementor-widget-dce-breadcrumbs\" data-id=\"0a34199\" data-element_type=\"widget\" data-widget_type=\"dce-breadcrumbs.default\">\n\t\t\t\t<div class=\"elementor-widget-container\">\n\t\t\t\t\t<div><span><span><a href=\"https:\/\/puclepucle.com\/\">Domov<\/a><\/span><\/span><\/div>\t\t\t\t<\/div>\n\t\t\t\t<\/div>\n\t\t\t\t\t<\/div>\n\t\t<\/div>\n\t\t\t\t\t<\/div>\n\t\t<\/section>\n\t\t\t\t<section class=\"elementor-section elementor-top-section elementor-element elementor-element-2359594 elementor-section-boxed elementor-section-height-default elementor-section-height-default\" data-id=\"2359594\" data-element_type=\"section\">\n\t\t\t\t\t\t<div class=\"elementor-container elementor-column-gap-default\">\n\t\t\t\t\t<div class=\"elementor-column elementor-col-100 elementor-top-column elementor-element elementor-element-cc4ff0c\" data-id=\"cc4ff0c\" data-element_type=\"column\">\n\t\t\t<div class=\"elementor-widget-wrap elementor-element-populated\">\n\t\t\t\t\t\t<div class=\"elementor-element elementor-element-8f3190c elementor-widget elementor-widget-text-editor\" data-id=\"8f3190c\" data-element_type=\"widget\" data-widget_type=\"text-editor.default\">\n\t\t\t\t<div class=\"elementor-widget-container\">\n\t\t\t\t\t\t\t\t\t<p>#inspiration<\/p>\n\t\t\t\t\t\t\t\t<\/div>\n\t\t\t\t<\/div>\n\t\t\t\t<div class=\"elementor-element elementor-element-6d54185 elementor-widget elementor-widget-heading\" data-id=\"6d54185\" data-element_type=\"widget\" data-widget_type=\"heading.default\">\n\t\t\t\t<div class=\"elementor-widget-container\">\n\t\t\t\t\t<h2 class=\"elementor-heading-title elementor-size-default\">We enjoy seeing the world\nfrom different angles of the puzzle<\/h2>\t\t\t\t<\/div>\n\t\t\t\t<\/div>\n\t\t\t\t<div class=\"elementor-element elementor-element-9043c0e elementor-widget elementor-widget-text-editor\" data-id=\"9043c0e\" data-element_type=\"widget\" data-widget_type=\"text-editor.default\">\n\t\t\t\t<div class=\"elementor-widget-container\">\n\t\t\t\t\t\t\t\t\t<p>Whether on the wall or just playing, puzzles can also be inspiring.<\/p>\n\t\t\t\t\t\t\t\t<\/div>\n\t\t\t\t<\/div>\n\t\t\t\t\t<\/div>\n\t\t<\/div>\n\t\t\t\t\t<\/div>\n\t\t<\/section>\n\t\t\t\t<section class=\"elementor-section elementor-top-section elementor-element elementor-element-095fe25 elementor-section-boxed elementor-section-height-default elementor-section-height-default\" data-id=\"095fe25\" data-element_type=\"section\">\n\t\t\t\t\t\t<div class=\"elementor-container elementor-column-gap-default\">\n\t\t\t\t\t<div class=\"elementor-column elementor-col-100 elementor-top-column elementor-element elementor-element-a283c51\" data-id=\"a283c51\" data-element_type=\"column\">\n\t\t\t<div class=\"elementor-widget-wrap elementor-element-populated\">\n\t\t\t\t\t\t<div class=\"elementor-element elementor-element-fd652bf elementor-widget elementor-widget-shortcode\" data-id=\"fd652bf\" data-element_type=\"widget\" data-widget_type=\"shortcode.default\">\n\t\t\t\t<div class=\"elementor-widget-container\">\n\t\t\t\t\t\t\t<div class=\"elementor-shortcode\">\n            <div \n                class=\"elfsight-widget-instagram-feed elfsight-widget\" \n                data-elfsight-instagram-feed-options=\"%7B%22sourceType%22%3A%22businessAccount%22%2C%22apiChangesMessage%22%3Anull%2C%22source%22%3A%5B%5D%2C%22personalAccessToken%22%3A%22%22%2C%22businessAccessToken%22%3A%2288a8e611-4b71-40ca-89d9-68f188f5cc16%22%2C%22businessAccount%22%3Anull%2C%22businessHashtag%22%3A%22%23eiffeltower%22%2C%22filterOnly%22%3A%5B%5D%2C%22filterExcept%22%3A%5B%5D%2C%22limit%22%3A0%2C%22order%22%3A%22date%22%2C%22layout%22%3A%22grid%22%2C%22postTemplate%22%3A%22tile%22%2C%22columns%22%3A3%2C%22rows%22%3A5%2C%22gutter%22%3A25%2C%22responsive%22%3A%5B%7B%22minWidth%22%3A375%2C%22columns%22%3A%222%22%2C%22rows%22%3A%225%22%2C%22gutter%22%3A%2215%22%7D%2C%7B%22minWidth%22%3A768%2C%22columns%22%3A%222%22%2C%22rows%22%3A2%2C%22gutter%22%3A%2215%22%7D%5D%2C%22width%22%3A%22auto%22%2C%22callToActionButtons%22%3A%5B%7B%22postUrl%22%3A%22https%3A%5C%2F%5C%2Fwww.instagram.com%5C%2Fp%5C%2FBmr7eH0nyxQ%5C%2F%22%2C%22buttonLabel%22%3A%22Install%20Instagram%20Feed%20now%22%2C%22buttonLink%22%3A%22https%3A%5C%2F%5C%2Felfsight.com%5C%2Finstagram-feed-instashow%5C%2F%22%7D%2C%7B%22postUrl%22%3A%22https%3A%5C%2F%5C%2Fwww.instagram.com%5C%2Fp%5C%2FBmgZy5FnnQB%5C%2F%22%2C%22buttonLabel%22%3A%22Install%20Instagram%20Feed%20now%22%2C%22buttonLink%22%3A%22https%3A%5C%2F%5C%2Felfsight.com%5C%2Finstagram-feed-instashow%5C%2F%22%7D%2C%7B%22postUrl%22%3A%22https%3A%5C%2F%5C%2Fwww.instagram.com%5C%2Fp%5C%2FBmbbCfBndRU%5C%2F%22%2C%22buttonLabel%22%3A%22Install%20Instagram%20Feed%20now%22%2C%22buttonLink%22%3A%22https%3A%5C%2F%5C%2Felfsight.com%5C%2Finstagram-feed-instashow%5C%2F%22%7D%5D%2C%22postElements%22%3A%5B%22user%22%2C%22date%22%2C%22instagramLink%22%2C%22likesCount%22%2C%22commentsCount%22%2C%22share%22%2C%22text%22%5D%2C%22popupElements%22%3A%5B%22user%22%2C%22location%22%2C%22followButton%22%2C%22instagramLink%22%2C%22likesCount%22%2C%22share%22%2C%22text%22%2C%22comments%22%2C%22date%22%5D%2C%22imageClickAction%22%3A%22popup%22%2C%22sliderArrows%22%3Atrue%2C%22sliderDrag%22%3Atrue%2C%22sliderSpeed%22%3A0.59999999999999997779553950749686919152736663818359375%2C%22sliderAutoplay%22%3A%22%22%2C%22colorScheme%22%3A%22default%22%2C%22colorPostOverlayBg%22%3A%22rgba%280%2C%200%2C%200%2C%200.8%29%22%2C%22colorPostOverlayText%22%3A%22rgb%28255%2C%20255%2C%20255%29%22%2C%22colorPostBg%22%3A%22rgb%28255%2C%20255%2C%20255%29%22%2C%22colorPostText%22%3A%22rgb%280%2C%200%2C%200%29%22%2C%22colorPostLinks%22%3A%22rgb%280%2C%2053%2C%20107%29%22%2C%22colorSliderArrows%22%3A%22rgb%28255%2C%20255%2C%20255%29%22%2C%22colorSliderArrowsBg%22%3A%22rgba%280%2C%200%2C%200%2C%200.9%29%22%2C%22colorGridLoadMoreButton%22%3A%22rgb%2856%2C%20151%2C%20240%29%22%2C%22colorPopupOverlay%22%3A%22rgba%2843%2C%2043%2C%2043%2C%200.9%29%22%2C%22colorPopupBg%22%3A%22rgb%28255%2C%20255%2C%20255%29%22%2C%22colorPopupText%22%3A%22rgb%280%2C%200%2C%200%29%22%2C%22colorPopupLinks%22%3A%22rgb%280%2C%2053%2C%20105%29%22%2C%22colorPopupFollowButton%22%3A%22rgb%2856%2C%20151%2C%20240%29%22%2C%22colorPopupCtaButton%22%3A%22rgb%2856%2C%20151%2C%20240%29%22%2C%22widgetTitle%22%3A%22%22%2C%22lang%22%3A%22sk-SK%22%2C%22apiUrl%22%3A%22https%3A%5C%2F%5C%2Fpuclepucle.com%5C%2Fen%5C%2Fwp-json%5C%2Felfsight-instagram-feed%5C%2Fapi%22%2C%22apiProxyUrl%22%3A%22https%3A%5C%2F%5C%2Fpuclepucle.com%5C%2Fen%5C%2Fwp-json%5C%2Felfsight-instagram-feed%22%2C%22widgetId%22%3A%221%22%7D\" \n                data-elfsight-instagram-feed-version=\"4.0.2\"\n                data-elfsight-widget-id=\"elfsight-instagram-feed-1\">\n            <\/div>\n            <\/div>\n\t\t\t\t\t\t<\/div>\n\t\t\t\t<\/div>\n\t\t\t\t\t<\/div>\n\t\t<\/div>\n\t\t\t\t\t<\/div>\n\t\t<\/section>\n\t\t\t\t<\/div>\n\t\t","protected":false},"excerpt":{"rendered":"<p>Home \u2022 #inspiration We enjoy seeing the world from different angles of the puzzle Whether on the wall or just playing, puzzles can also be inspiring.<\/p>\n","protected":false},"author":1,"featured_media":0,"parent":0,"menu_order":0,"comment_status":"closed","ping_status":"closed","template":"","meta":{"_acf_changed":false,"site-sidebar-layout":"no-sidebar","site-content-layout":"page-builder","ast-site-content-layout":"default","site-content-style":"default","site-sidebar-style":"default","ast-global-header-display":"","ast-banner-title-visibility":"","ast-main-header-display":"","ast-hfb-above-header-display":"","ast-hfb-below-header-display":"","ast-hfb-mobile-header-display":"","site-post-title":"disabled","ast-breadcrumbs-content":"","ast-featured-img":"disabled","footer-sml-layout":"","theme-transparent-header-meta":"","adv-header-id-meta":"","stick-header-meta":"","header-above-stick-meta":"","header-main-stick-meta":"","header-below-stick-meta":"","astra-migrate-meta-layouts":"default","ast-page-background-enabled":"default","ast-page-background-meta":{"desktop":{"background-color":"var(--ast-global-color-4)","background-image":"","background-repeat":"repeat","background-position":"center center","background-size":"auto","background-attachment":"scroll","background-type":"","background-media":"","overlay-type":"","overlay-color":"","overlay-opacity":"","overlay-gradient":""},"tablet":{"background-color":"","background-image":"","background-repeat":"repeat","background-position":"center center","background-size":"auto","background-attachment":"scroll","background-type":"","background-media":"","overlay-type":"","overlay-color":"","overlay-opacity":"","overlay-gradient":""},"mobile":{"background-color":"","background-image":"","background-repeat":"repeat","background-position":"center center","background-size":"auto","background-attachment":"scroll","background-type":"","background-media":"","overlay-type":"","overlay-color":"","overlay-opacity":"","overlay-gradient":""}},"ast-content-background-meta":{"desktop":{"background-color":"var(--ast-global-color-5)","background-image":"","background-repeat":"repeat","background-position":"center center","background-size":"auto","background-attachment":"scroll","background-type":"","background-media":"","overlay-type":"","overlay-color":"","overlay-opacity":"","overlay-gradient":""},"tablet":{"background-color":"var(--ast-global-color-5)","background-image":"","background-repeat":"repeat","background-position":"center center","background-size":"auto","background-attachment":"scroll","background-type":"","background-media":"","overlay-type":"","overlay-color":"","overlay-opacity":"","overlay-gradient":""},"mobile":{"background-color":"var(--ast-global-color-5)","background-image":"","background-repeat":"repeat","background-position":"center center","background-size":"auto","background-attachment":"scroll","background-type":"","background-media":"","overlay-type":"","overlay-color":"","overlay-opacity":"","overlay-gradient":""}},"footnotes":""},"class_list":["post-6392","page","type-page","status-publish","hentry"],"acf":[],"yoast_head":"<!-- This site is optimized with the Yoast SEO Premium plugin v24.2 (Yoast SEO v26.0) - https:\/\/yoast.com\/wordpress\/plugins\/seo\/ -->\n<title>Inspirations - Pucle illustrated wooden frame puzzle | A puzzle full of art<\/title>\n<meta name=\"description\" content=\"Ilustrovan\u00e9 puzzle Pucle in\u0161pir\u00e1cie pri skladan\u00ed zauj\u00edmav\u00fdch mot\u00edvov od kreat\u00edvnych umelcov na puzzle.\" \/>\n<meta name=\"robots\" content=\"index, follow, max-snippet:-1, max-image-preview:large, max-video-preview:-1\" \/>\n<link rel=\"canonical\" href=\"https:\/\/puclepucle.com\/inspiracie\/\" \/>\n<meta property=\"og:locale\" content=\"en_US\" \/>\n<meta property=\"og:type\" content=\"article\" \/>\n<meta property=\"og:title\" content=\"Inspirations\" \/>\n<meta property=\"og:description\" content=\"Ilustrovan\u00e9 puzzle Pucle in\u0161pir\u00e1cie pri skladan\u00ed zauj\u00edmav\u00fdch mot\u00edvov od kreat\u00edvnych umelcov na puzzle.\" \/>\n<meta property=\"og:url\" content=\"https:\/\/puclepucle.com\/inspiracie\/\" \/>\n<meta property=\"og:site_name\" content=\"Pucle illustrated wooden frame puzzle | A puzzle full of art\" \/>\n<meta property=\"article:publisher\" content=\"https:\/\/www.facebook.com\/puclepucle\" \/>\n<meta property=\"article:modified_time\" content=\"2023-10-05T11:35:48+00:00\" \/>\n<meta property=\"og:image\" content=\"https:\/\/puclepucle.com\/wp-content\/uploads\/2023\/10\/Logo-1.png\" \/>\n\t<meta property=\"og:image:width\" content=\"84\" \/>\n\t<meta property=\"og:image:height\" content=\"85\" \/>\n\t<meta property=\"og:image:type\" content=\"image\/png\" \/>\n<meta name=\"twitter:card\" content=\"summary_large_image\" \/>\n<script type=\"application\/ld+json\" class=\"yoast-schema-graph\">{\"@context\":\"https:\/\/schema.org\",\"@graph\":[{\"@type\":\"WebPage\",\"@id\":\"https:\/\/puclepucle.com\/inspiracie\/\",\"url\":\"https:\/\/puclepucle.com\/inspiracie\/\",\"name\":\"Inspirations - Pucle illustrated wooden frame puzzle | A puzzle full of art\",\"isPartOf\":{\"@id\":\"https:\/\/puclepucle.com\/#website\"},\"datePublished\":\"2023-09-22T16:18:34+00:00\",\"dateModified\":\"2023-10-05T11:35:48+00:00\",\"description\":\"Ilustrovan\u00e9 puzzle Pucle in\u0161pir\u00e1cie pri skladan\u00ed zauj\u00edmav\u00fdch mot\u00edvov od kreat\u00edvnych umelcov na puzzle.\",\"breadcrumb\":{\"@id\":\"https:\/\/puclepucle.com\/inspiracie\/#breadcrumb\"},\"inLanguage\":\"en-US\",\"potentialAction\":[{\"@type\":\"ReadAction\",\"target\":[\"https:\/\/puclepucle.com\/inspiracie\/\"]}]},{\"@type\":\"BreadcrumbList\",\"@id\":\"https:\/\/puclepucle.com\/inspiracie\/#breadcrumb\",\"itemListElement\":[{\"@type\":\"ListItem\",\"position\":1,\"name\":\"Domov\",\"item\":\"https:\/\/puclepucle.com\/\"},{\"@type\":\"ListItem\",\"position\":2,\"name\":\"Inspirations\"}]},{\"@type\":\"WebSite\",\"@id\":\"https:\/\/puclepucle.com\/#website\",\"url\":\"https:\/\/puclepucle.com\/\",\"name\":\"Ilustrovan\u00e9 puzzle s dreven\u00fdm r\u00e1mom Pucle | Puzzle pln\u00e9 umenia\",\"description\":\"Skladajte a r\u00e1mujte bez lepenia puzzle ilustrovan\u00e9 talentovan\u00fdmi umelcami a dizajn\u00e9rmi\",\"publisher\":{\"@id\":\"https:\/\/puclepucle.com\/#organization\"},\"alternateName\":\"Dizajnov\u00e9 puzzle s dreven\u00fdm r\u00e1mom\",\"potentialAction\":[{\"@type\":\"SearchAction\",\"target\":{\"@type\":\"EntryPoint\",\"urlTemplate\":\"https:\/\/puclepucle.com\/?s={search_term_string}\"},\"query-input\":{\"@type\":\"PropertyValueSpecification\",\"valueRequired\":true,\"valueName\":\"search_term_string\"}}],\"inLanguage\":\"en-US\"},{\"@type\":\"Organization\",\"@id\":\"https:\/\/puclepucle.com\/#organization\",\"name\":\"PuclePucle\",\"alternateName\":\"Pucle\",\"url\":\"https:\/\/puclepucle.com\/\",\"logo\":{\"@type\":\"ImageObject\",\"inLanguage\":\"en-US\",\"@id\":\"https:\/\/puclepucle.com\/#\/schema\/logo\/image\/\",\"url\":\"https:\/\/puclepucle.com\/wp-content\/uploads\/2023\/09\/pucle-logo-dark.png\",\"contentUrl\":\"https:\/\/puclepucle.com\/wp-content\/uploads\/2023\/09\/pucle-logo-dark.png\",\"width\":160,\"height\":51,\"caption\":\"PuclePucle\"},\"image\":{\"@id\":\"https:\/\/puclepucle.com\/#\/schema\/logo\/image\/\"},\"sameAs\":[\"https:\/\/www.facebook.com\/puclepucle\",\"https:\/\/www.instagram.com\/puclepucle\/?hl=en\",\"https:\/\/www.youtube.com\/@pucle1122\",\"https:\/\/sk.pinterest.com\/puclepucle\/\"],\"ownershipFundingInfo\":\"https:\/\/puclepucle.com\/o-nas\/\",\"correctionsPolicy\":\"https:\/\/puclepucle.com\/obchodne-podmienky\/\",\"ethicsPolicy\":\"https:\/\/puclepucle.com\/obchodne-podmienky\/\",\"diversityPolicy\":\"https:\/\/puclepucle.com\/ako-to-funguje\/\"}]}<\/script>\n<!-- \/ Yoast SEO Premium plugin. -->","yoast_head_json":{"title":"Inspirations - Pucle illustrated wooden frame puzzle | A puzzle full of art","description":"Ilustrovan\u00e9 puzzle Pucle in\u0161pir\u00e1cie pri skladan\u00ed zauj\u00edmav\u00fdch mot\u00edvov od kreat\u00edvnych umelcov na puzzle.","robots":{"index":"index","follow":"follow","max-snippet":"max-snippet:-1","max-image-preview":"max-image-preview:large","max-video-preview":"max-video-preview:-1"},"canonical":"https:\/\/puclepucle.com\/inspiracie\/","og_locale":"en_US","og_type":"article","og_title":"Inspirations","og_description":"Ilustrovan\u00e9 puzzle Pucle in\u0161pir\u00e1cie pri skladan\u00ed zauj\u00edmav\u00fdch mot\u00edvov od kreat\u00edvnych umelcov na puzzle.","og_url":"https:\/\/puclepucle.com\/inspiracie\/","og_site_name":"Pucle illustrated wooden frame puzzle | A puzzle full of art","article_publisher":"https:\/\/www.facebook.com\/puclepucle","article_modified_time":"2023-10-05T11:35:48+00:00","og_image":[{"width":84,"height":85,"url":"https:\/\/puclepucle.com\/wp-content\/uploads\/2023\/10\/Logo-1.png","type":"image\/png"}],"twitter_card":"summary_large_image","schema":{"@context":"https:\/\/schema.org","@graph":[{"@type":"WebPage","@id":"https:\/\/puclepucle.com\/inspiracie\/","url":"https:\/\/puclepucle.com\/inspiracie\/","name":"Inspirations - Pucle illustrated wooden frame puzzle | A puzzle full of art","isPartOf":{"@id":"https:\/\/puclepucle.com\/#website"},"datePublished":"2023-09-22T16:18:34+00:00","dateModified":"2023-10-05T11:35:48+00:00","description":"Ilustrovan\u00e9 puzzle Pucle in\u0161pir\u00e1cie pri skladan\u00ed zauj\u00edmav\u00fdch mot\u00edvov od kreat\u00edvnych umelcov na puzzle.","breadcrumb":{"@id":"https:\/\/puclepucle.com\/inspiracie\/#breadcrumb"},"inLanguage":"en-US","potentialAction":[{"@type":"ReadAction","target":["https:\/\/puclepucle.com\/inspiracie\/"]}]},{"@type":"BreadcrumbList","@id":"https:\/\/puclepucle.com\/inspiracie\/#breadcrumb","itemListElement":[{"@type":"ListItem","position":1,"name":"Domov","item":"https:\/\/puclepucle.com\/"},{"@type":"ListItem","position":2,"name":"Inspirations"}]},{"@type":"WebSite","@id":"https:\/\/puclepucle.com\/#website","url":"https:\/\/puclepucle.com\/","name":"Ilustrovan\u00e9 puzzle s dreven\u00fdm r\u00e1mom Pucle | Puzzle pln\u00e9 umenia","description":"Skladajte a r\u00e1mujte bez lepenia puzzle ilustrovan\u00e9 talentovan\u00fdmi umelcami a dizajn\u00e9rmi","publisher":{"@id":"https:\/\/puclepucle.com\/#organization"},"alternateName":"Dizajnov\u00e9 puzzle s dreven\u00fdm r\u00e1mom","potentialAction":[{"@type":"SearchAction","target":{"@type":"EntryPoint","urlTemplate":"https:\/\/puclepucle.com\/?s={search_term_string}"},"query-input":{"@type":"PropertyValueSpecification","valueRequired":true,"valueName":"search_term_string"}}],"inLanguage":"en-US"},{"@type":"Organization","@id":"https:\/\/puclepucle.com\/#organization","name":"PuclePucle","alternateName":"Pucle","url":"https:\/\/puclepucle.com\/","logo":{"@type":"ImageObject","inLanguage":"en-US","@id":"https:\/\/puclepucle.com\/#\/schema\/logo\/image\/","url":"https:\/\/puclepucle.com\/wp-content\/uploads\/2023\/09\/pucle-logo-dark.png","contentUrl":"https:\/\/puclepucle.com\/wp-content\/uploads\/2023\/09\/pucle-logo-dark.png","width":160,"height":51,"caption":"PuclePucle"},"image":{"@id":"https:\/\/puclepucle.com\/#\/schema\/logo\/image\/"},"sameAs":["https:\/\/www.facebook.com\/puclepucle","https:\/\/www.instagram.com\/puclepucle\/?hl=en","https:\/\/www.youtube.com\/@pucle1122","https:\/\/sk.pinterest.com\/puclepucle\/"],"ownershipFundingInfo":"https:\/\/puclepucle.com\/o-nas\/","correctionsPolicy":"https:\/\/puclepucle.com\/obchodne-podmienky\/","ethicsPolicy":"https:\/\/puclepucle.com\/obchodne-podmienky\/","diversityPolicy":"https:\/\/puclepucle.com\/ako-to-funguje\/"}]}},"_links":{"self":[{"href":"https:\/\/puclepucle.com\/en\/wp-json\/wp\/v2\/pages\/6392","targetHints":{"allow":["GET"]}}],"collection":[{"href":"https:\/\/puclepucle.com\/en\/wp-json\/wp\/v2\/pages"}],"about":[{"href":"https:\/\/puclepucle.com\/en\/wp-json\/wp\/v2\/types\/page"}],"author":[{"embeddable":true,"href":"https:\/\/puclepucle.com\/en\/wp-json\/wp\/v2\/users\/1"}],"replies":[{"embeddable":true,"href":"https:\/\/puclepucle.com\/en\/wp-json\/wp\/v2\/comments?post=6392"}],"version-history":[{"count":0,"href":"https:\/\/puclepucle.com\/en\/wp-json\/wp\/v2\/pages\/6392\/revisions"}],"wp:attachment":[{"href":"https:\/\/puclepucle.com\/en\/wp-json\/wp\/v2\/media?parent=6392"}],"curies":[{"name":"wp","href":"https:\/\/api.w.org\/{rel}","templated":true}]}}