{"id":6002,"date":"2023-05-14T09:38:50","date_gmt":"2023-05-14T07:38:50","guid":{"rendered":"http:\/\/puclepucle.com\/produkt\/trencin\/"},"modified":"2023-12-15T08:48:04","modified_gmt":"2023-12-15T07:48:04","slug":"trencin-eng","status":"publish","type":"product","link":"https:\/\/puclepucle.com\/en\/produkt\/trencin-eng\/","title":{"rendered":"Tren\u010d\u00edn"},"content":{"rendered":"<p>Beautiful puzzle illustrated by <strong>Alexander Topilin from the original graphics of the academic painter Rudolf Mo\u0161ko.<\/strong> <\/p>\n<p>Puzzle available with a wooden frame or separately. Thanks to the wooden frame, you do not need to glue the puzzles, but simply hang them on the wall.<\/p>\n<p>You can always hang them off anytime. You can easily open the frame, break the puzzle and change it for a new one.<\/p>\n","protected":false},"excerpt":{"rendered":"<p>Beautiful puzzle illustrated by <strong>Alexander Topilin from the original graphics of the academic painter Rudolf Mo\u0161ko.<\/strong> <\/p>\n<p>Puzzle available with a wooden frame or separately. Thanks to the wooden frame, you do not need to glue the puzzles, but simply hang them on the wall.<\/p>\n<p>You can always hang them off anytime. You can easily open the frame, break the puzzle and change it for a new one.<\/p>\n","protected":false},"featured_media":5185,"template":"","meta":{"_acf_changed":false,"site-sidebar-layout":"default","site-content-layout":"default","ast-site-content-layout":"default","site-content-style":"default","site-sidebar-style":"default","ast-global-header-display":"","ast-banner-title-visibility":"","ast-main-header-display":"","ast-hfb-above-header-display":"","ast-hfb-below-header-display":"","ast-hfb-mobile-header-display":"","site-post-title":"","ast-breadcrumbs-content":"","ast-featured-img":"","footer-sml-layout":"","theme-transparent-header-meta":"default","adv-header-id-meta":"","stick-header-meta":"","header-above-stick-meta":"","header-main-stick-meta":"","header-below-stick-meta":"","astra-migrate-meta-layouts":"set","ast-page-background-enabled":"default","ast-page-background-meta":{"desktop":{"background-color":"var(--ast-global-color-4)","background-image":"","background-repeat":"repeat","background-position":"center center","background-size":"auto","background-attachment":"scroll","background-type":"","background-media":"","overlay-type":"","overlay-color":"","overlay-opacity":"","overlay-gradient":""},"tablet":{"background-color":"","background-image":"","background-repeat":"repeat","background-position":"center center","background-size":"auto","background-attachment":"scroll","background-type":"","background-media":"","overlay-type":"","overlay-color":"","overlay-opacity":"","overlay-gradient":""},"mobile":{"background-color":"","background-image":"","background-repeat":"repeat","background-position":"center center","background-size":"auto","background-attachment":"scroll","background-type":"","background-media":"","overlay-type":"","overlay-color":"","overlay-opacity":"","overlay-gradient":""}},"ast-content-background-meta":{"desktop":{"background-color":"var(--ast-global-color-5)","background-image":"","background-repeat":"repeat","background-position":"center center","background-size":"auto","background-attachment":"scroll","background-type":"","background-media":"","overlay-type":"","overlay-color":"","overlay-opacity":"","overlay-gradient":""},"tablet":{"background-color":"var(--ast-global-color-5)","background-image":"","background-repeat":"repeat","background-position":"center center","background-size":"auto","background-attachment":"scroll","background-type":"","background-media":"","overlay-type":"","overlay-color":"","overlay-opacity":"","overlay-gradient":""},"mobile":{"background-color":"var(--ast-global-color-5)","background-image":"","background-repeat":"repeat","background-position":"center center","background-size":"auto","background-attachment":"scroll","background-type":"","background-media":"","overlay-type":"","overlay-color":"","overlay-opacity":"","overlay-gradient":""}}},"product_brand":[],"product_cat":[91,87],"product_tag":[],"giftcard-category":[],"class_list":{"0":"post-6002","1":"product","2":"type-product","3":"status-publish","4":"has-post-thumbnail","6":"product_cat-last-call","7":"product_cat-uncategorized","8":"tm-has-options","9":"desktop-align-center","10":"tablet-align-left","11":"mobile-align-left","13":"first","14":"instock","15":"taxable","16":"shipping-taxable","17":"purchasable","18":"product-type-simple"},"acf":[],"yoast_head":"<!-- This site is optimized with the Yoast SEO Premium plugin v24.2 (Yoast SEO v26.0) - https:\/\/yoast.com\/wordpress\/plugins\/seo\/ -->\n<title>Tren\u010d\u00edn - Pucle illustrated wooden frame puzzle | A puzzle full of art<\/title>\n<meta name=\"description\" content=\"Spoznajte dizajniv\u00e9 ilustrovan\u00e9 puzzle s mot\u00edvmi od kreat\u00edvnych ilustr\u00e1torov a ilustr\u00e1toriek na puzzle, ktor\u00e9 po poskladan\u00ed nemus\u00edte lepi\u0165. Spoznajte Pucle.\" \/>\n<meta name=\"robots\" content=\"index, follow, max-snippet:-1, max-image-preview:large, max-video-preview:-1\" \/>\n<link rel=\"canonical\" href=\"https:\/\/puclepucle.com\/en\/produkt\/trencin-eng\/\" \/>\n<meta property=\"og:locale\" content=\"en_US\" \/>\n<meta property=\"og:type\" content=\"article\" \/>\n<meta property=\"og:title\" content=\"Tren\u010d\u00edn\" \/>\n<meta property=\"og:description\" content=\"Spoznajte dizajniv\u00e9 ilustrovan\u00e9 puzzle s mot\u00edvmi od kreat\u00edvnych ilustr\u00e1torov a ilustr\u00e1toriek na puzzle, ktor\u00e9 po poskladan\u00ed nemus\u00edte lepi\u0165. Spoznajte Pucle.\" \/>\n<meta property=\"og:url\" content=\"https:\/\/puclepucle.com\/en\/produkt\/trencin-eng\/\" \/>\n<meta property=\"og:site_name\" content=\"Pucle illustrated wooden frame puzzle | A puzzle full of art\" \/>\n<meta property=\"article:publisher\" content=\"https:\/\/www.facebook.com\/puclepucle\" \/>\n<meta property=\"article:modified_time\" content=\"2023-12-15T07:48:04+00:00\" \/>\n<meta property=\"og:image\" content=\"https:\/\/puclepucle.com\/wp-content\/uploads\/2023\/07\/IMG-Product-8.png\" \/>\n\t<meta property=\"og:image:width\" content=\"676\" \/>\n\t<meta property=\"og:image:height\" content=\"664\" \/>\n\t<meta property=\"og:image:type\" content=\"image\/png\" \/>\n<meta name=\"twitter:card\" content=\"summary_large_image\" \/>\n<script type=\"application\/ld+json\" class=\"yoast-schema-graph\">{\"@context\":\"https:\/\/schema.org\",\"@graph\":[{\"@type\":\"WebPage\",\"@id\":\"https:\/\/puclepucle.com\/en\/produkt\/trencin-eng\/\",\"url\":\"https:\/\/puclepucle.com\/en\/produkt\/trencin-eng\/\",\"name\":\"Tren\u010d\u00edn - Pucle illustrated wooden frame puzzle | A puzzle full of art\",\"isPartOf\":{\"@id\":\"https:\/\/puclepucle.com\/#website\"},\"primaryImageOfPage\":{\"@id\":\"https:\/\/puclepucle.com\/en\/produkt\/trencin-eng\/#primaryimage\"},\"image\":{\"@id\":\"https:\/\/puclepucle.com\/en\/produkt\/trencin-eng\/#primaryimage\"},\"thumbnailUrl\":\"https:\/\/puclepucle.com\/wp-content\/uploads\/2023\/07\/IMG-Product-8.png\",\"datePublished\":\"2023-05-14T07:38:50+00:00\",\"dateModified\":\"2023-12-15T07:48:04+00:00\",\"description\":\"Spoznajte dizajniv\u00e9 ilustrovan\u00e9 puzzle s mot\u00edvmi od kreat\u00edvnych ilustr\u00e1torov a ilustr\u00e1toriek na puzzle, ktor\u00e9 po poskladan\u00ed nemus\u00edte lepi\u0165. Spoznajte Pucle.\",\"breadcrumb\":{\"@id\":\"https:\/\/puclepucle.com\/en\/produkt\/trencin-eng\/#breadcrumb\"},\"inLanguage\":\"en-US\",\"potentialAction\":[{\"@type\":\"ReadAction\",\"target\":[\"https:\/\/puclepucle.com\/en\/produkt\/trencin-eng\/\"]}]},{\"@type\":\"ImageObject\",\"inLanguage\":\"en-US\",\"@id\":\"https:\/\/puclepucle.com\/en\/produkt\/trencin-eng\/#primaryimage\",\"url\":\"https:\/\/puclepucle.com\/wp-content\/uploads\/2023\/07\/IMG-Product-8.png\",\"contentUrl\":\"https:\/\/puclepucle.com\/wp-content\/uploads\/2023\/07\/IMG-Product-8.png\",\"width\":676,\"height\":664},{\"@type\":\"BreadcrumbList\",\"@id\":\"https:\/\/puclepucle.com\/en\/produkt\/trencin-eng\/#breadcrumb\",\"itemListElement\":[{\"@type\":\"ListItem\",\"position\":1,\"name\":\"Domov\",\"item\":\"https:\/\/puclepucle.com\/\"},{\"@type\":\"ListItem\",\"position\":2,\"name\":\"Shop\",\"item\":\"https:\/\/puclepucle.com\/en\/shop\/\"},{\"@type\":\"ListItem\",\"position\":3,\"name\":\"Tren\u010d\u00edn\"}]},{\"@type\":\"WebSite\",\"@id\":\"https:\/\/puclepucle.com\/#website\",\"url\":\"https:\/\/puclepucle.com\/\",\"name\":\"Ilustrovan\u00e9 puzzle s dreven\u00fdm r\u00e1mom Pucle | Puzzle pln\u00e9 umenia\",\"description\":\"Skladajte a r\u00e1mujte bez lepenia puzzle ilustrovan\u00e9 talentovan\u00fdmi umelcami a dizajn\u00e9rmi\",\"publisher\":{\"@id\":\"https:\/\/puclepucle.com\/#organization\"},\"alternateName\":\"Dizajnov\u00e9 puzzle s dreven\u00fdm r\u00e1mom\",\"potentialAction\":[{\"@type\":\"SearchAction\",\"target\":{\"@type\":\"EntryPoint\",\"urlTemplate\":\"https:\/\/puclepucle.com\/?s={search_term_string}\"},\"query-input\":{\"@type\":\"PropertyValueSpecification\",\"valueRequired\":true,\"valueName\":\"search_term_string\"}}],\"inLanguage\":\"en-US\"},{\"@type\":\"Organization\",\"@id\":\"https:\/\/puclepucle.com\/#organization\",\"name\":\"PuclePucle\",\"alternateName\":\"Pucle\",\"url\":\"https:\/\/puclepucle.com\/\",\"logo\":{\"@type\":\"ImageObject\",\"inLanguage\":\"en-US\",\"@id\":\"https:\/\/puclepucle.com\/#\/schema\/logo\/image\/\",\"url\":\"https:\/\/puclepucle.com\/wp-content\/uploads\/2023\/09\/pucle-logo-dark.png\",\"contentUrl\":\"https:\/\/puclepucle.com\/wp-content\/uploads\/2023\/09\/pucle-logo-dark.png\",\"width\":160,\"height\":51,\"caption\":\"PuclePucle\"},\"image\":{\"@id\":\"https:\/\/puclepucle.com\/#\/schema\/logo\/image\/\"},\"sameAs\":[\"https:\/\/www.facebook.com\/puclepucle\",\"https:\/\/www.instagram.com\/puclepucle\/?hl=en\",\"https:\/\/www.youtube.com\/@pucle1122\",\"https:\/\/sk.pinterest.com\/puclepucle\/\"],\"ownershipFundingInfo\":\"https:\/\/puclepucle.com\/o-nas\/\",\"correctionsPolicy\":\"https:\/\/puclepucle.com\/obchodne-podmienky\/\",\"ethicsPolicy\":\"https:\/\/puclepucle.com\/obchodne-podmienky\/\",\"diversityPolicy\":\"https:\/\/puclepucle.com\/ako-to-funguje\/\"}]}<\/script>\n<!-- \/ Yoast SEO Premium plugin. -->","yoast_head_json":{"title":"Tren\u010d\u00edn - Pucle illustrated wooden frame puzzle | A puzzle full of art","description":"Spoznajte dizajniv\u00e9 ilustrovan\u00e9 puzzle s mot\u00edvmi od kreat\u00edvnych ilustr\u00e1torov a ilustr\u00e1toriek na puzzle, ktor\u00e9 po poskladan\u00ed nemus\u00edte lepi\u0165. Spoznajte Pucle.","robots":{"index":"index","follow":"follow","max-snippet":"max-snippet:-1","max-image-preview":"max-image-preview:large","max-video-preview":"max-video-preview:-1"},"canonical":"https:\/\/puclepucle.com\/en\/produkt\/trencin-eng\/","og_locale":"en_US","og_type":"article","og_title":"Tren\u010d\u00edn","og_description":"Spoznajte dizajniv\u00e9 ilustrovan\u00e9 puzzle s mot\u00edvmi od kreat\u00edvnych ilustr\u00e1torov a ilustr\u00e1toriek na puzzle, ktor\u00e9 po poskladan\u00ed nemus\u00edte lepi\u0165. Spoznajte Pucle.","og_url":"https:\/\/puclepucle.com\/en\/produkt\/trencin-eng\/","og_site_name":"Pucle illustrated wooden frame puzzle | A puzzle full of art","article_publisher":"https:\/\/www.facebook.com\/puclepucle","article_modified_time":"2023-12-15T07:48:04+00:00","og_image":[{"width":676,"height":664,"url":"https:\/\/puclepucle.com\/wp-content\/uploads\/2023\/07\/IMG-Product-8.png","type":"image\/png"}],"twitter_card":"summary_large_image","schema":{"@context":"https:\/\/schema.org","@graph":[{"@type":"WebPage","@id":"https:\/\/puclepucle.com\/en\/produkt\/trencin-eng\/","url":"https:\/\/puclepucle.com\/en\/produkt\/trencin-eng\/","name":"Tren\u010d\u00edn - Pucle illustrated wooden frame puzzle | A puzzle full of art","isPartOf":{"@id":"https:\/\/puclepucle.com\/#website"},"primaryImageOfPage":{"@id":"https:\/\/puclepucle.com\/en\/produkt\/trencin-eng\/#primaryimage"},"image":{"@id":"https:\/\/puclepucle.com\/en\/produkt\/trencin-eng\/#primaryimage"},"thumbnailUrl":"https:\/\/puclepucle.com\/wp-content\/uploads\/2023\/07\/IMG-Product-8.png","datePublished":"2023-05-14T07:38:50+00:00","dateModified":"2023-12-15T07:48:04+00:00","description":"Spoznajte dizajniv\u00e9 ilustrovan\u00e9 puzzle s mot\u00edvmi od kreat\u00edvnych ilustr\u00e1torov a ilustr\u00e1toriek na puzzle, ktor\u00e9 po poskladan\u00ed nemus\u00edte lepi\u0165. Spoznajte Pucle.","breadcrumb":{"@id":"https:\/\/puclepucle.com\/en\/produkt\/trencin-eng\/#breadcrumb"},"inLanguage":"en-US","potentialAction":[{"@type":"ReadAction","target":["https:\/\/puclepucle.com\/en\/produkt\/trencin-eng\/"]}]},{"@type":"ImageObject","inLanguage":"en-US","@id":"https:\/\/puclepucle.com\/en\/produkt\/trencin-eng\/#primaryimage","url":"https:\/\/puclepucle.com\/wp-content\/uploads\/2023\/07\/IMG-Product-8.png","contentUrl":"https:\/\/puclepucle.com\/wp-content\/uploads\/2023\/07\/IMG-Product-8.png","width":676,"height":664},{"@type":"BreadcrumbList","@id":"https:\/\/puclepucle.com\/en\/produkt\/trencin-eng\/#breadcrumb","itemListElement":[{"@type":"ListItem","position":1,"name":"Domov","item":"https:\/\/puclepucle.com\/"},{"@type":"ListItem","position":2,"name":"Shop","item":"https:\/\/puclepucle.com\/en\/shop\/"},{"@type":"ListItem","position":3,"name":"Tren\u010d\u00edn"}]},{"@type":"WebSite","@id":"https:\/\/puclepucle.com\/#website","url":"https:\/\/puclepucle.com\/","name":"Ilustrovan\u00e9 puzzle s dreven\u00fdm r\u00e1mom Pucle | Puzzle pln\u00e9 umenia","description":"Skladajte a r\u00e1mujte bez lepenia puzzle ilustrovan\u00e9 talentovan\u00fdmi umelcami a dizajn\u00e9rmi","publisher":{"@id":"https:\/\/puclepucle.com\/#organization"},"alternateName":"Dizajnov\u00e9 puzzle s dreven\u00fdm r\u00e1mom","potentialAction":[{"@type":"SearchAction","target":{"@type":"EntryPoint","urlTemplate":"https:\/\/puclepucle.com\/?s={search_term_string}"},"query-input":{"@type":"PropertyValueSpecification","valueRequired":true,"valueName":"search_term_string"}}],"inLanguage":"en-US"},{"@type":"Organization","@id":"https:\/\/puclepucle.com\/#organization","name":"PuclePucle","alternateName":"Pucle","url":"https:\/\/puclepucle.com\/","logo":{"@type":"ImageObject","inLanguage":"en-US","@id":"https:\/\/puclepucle.com\/#\/schema\/logo\/image\/","url":"https:\/\/puclepucle.com\/wp-content\/uploads\/2023\/09\/pucle-logo-dark.png","contentUrl":"https:\/\/puclepucle.com\/wp-content\/uploads\/2023\/09\/pucle-logo-dark.png","width":160,"height":51,"caption":"PuclePucle"},"image":{"@id":"https:\/\/puclepucle.com\/#\/schema\/logo\/image\/"},"sameAs":["https:\/\/www.facebook.com\/puclepucle","https:\/\/www.instagram.com\/puclepucle\/?hl=en","https:\/\/www.youtube.com\/@pucle1122","https:\/\/sk.pinterest.com\/puclepucle\/"],"ownershipFundingInfo":"https:\/\/puclepucle.com\/o-nas\/","correctionsPolicy":"https:\/\/puclepucle.com\/obchodne-podmienky\/","ethicsPolicy":"https:\/\/puclepucle.com\/obchodne-podmienky\/","diversityPolicy":"https:\/\/puclepucle.com\/ako-to-funguje\/"}]}},"_links":{"self":[{"href":"https:\/\/puclepucle.com\/en\/wp-json\/wp\/v2\/product\/6002","targetHints":{"allow":["GET"]}}],"collection":[{"href":"https:\/\/puclepucle.com\/en\/wp-json\/wp\/v2\/product"}],"about":[{"href":"https:\/\/puclepucle.com\/en\/wp-json\/wp\/v2\/types\/product"}],"wp:featuredmedia":[{"embeddable":true,"href":"https:\/\/puclepucle.com\/en\/wp-json\/wp\/v2\/media\/5185"}],"wp:attachment":[{"href":"https:\/\/puclepucle.com\/en\/wp-json\/wp\/v2\/media?parent=6002"}],"wp:term":[{"taxonomy":"product_brand","embeddable":true,"href":"https:\/\/puclepucle.com\/en\/wp-json\/wp\/v2\/product_brand?post=6002"},{"taxonomy":"product_cat","embeddable":true,"href":"https:\/\/puclepucle.com\/en\/wp-json\/wp\/v2\/product_cat?post=6002"},{"taxonomy":"product_tag","embeddable":true,"href":"https:\/\/puclepucle.com\/en\/wp-json\/wp\/v2\/product_tag?post=6002"},{"taxonomy":"giftcard-category","embeddable":true,"href":"https:\/\/puclepucle.com\/en\/wp-json\/wp\/v2\/giftcard-category?post=6002"}],"curies":[{"name":"wp","href":"https:\/\/api.w.org\/{rel}","templated":true}]}}