{"id":7025,"date":"2023-10-26T07:36:15","date_gmt":"2023-10-26T05:36:15","guid":{"rendered":"https:\/\/puclepucle.com\/?post_type=product&#038;p=7025"},"modified":"2023-10-31T10:47:41","modified_gmt":"2023-10-31T09:47:41","slug":"dreveny-ram","status":"publish","type":"product","link":"https:\/\/puclepucle.com\/en\/produkt\/dreveny-ram\/","title":{"rendered":"Wooden frame"},"content":{"rendered":"","protected":false},"excerpt":{"rendered":"<p>Would you like to order a frame for the Pucle that you have separately? No problem! You can choose frames for 1,000-piece puzzles measuring 49 x 68 cm (solid beech, solid beech painted white, solid beech painted black, or solid beech 49 x 35 cm) for all our 100, 200 and 500-piece pucks. We will send them all to you with accessories (recycled backing, foil, screws). The offered backing and film can also be purchased separately for those who have damaged these components or need them for other projects.<\/p>\n","protected":false},"featured_media":7048,"template":"","meta":{"_acf_changed":false,"site-sidebar-layout":"default","site-content-layout":"","ast-site-content-layout":"default","site-content-style":"default","site-sidebar-style":"default","ast-global-header-display":"","ast-banner-title-visibility":"","ast-main-header-display":"","ast-hfb-above-header-display":"","ast-hfb-below-header-display":"","ast-hfb-mobile-header-display":"","site-post-title":"","ast-breadcrumbs-content":"","ast-featured-img":"","footer-sml-layout":"","theme-transparent-header-meta":"default","adv-header-id-meta":"","stick-header-meta":"","header-above-stick-meta":"","header-main-stick-meta":"","header-below-stick-meta":"","astra-migrate-meta-layouts":"set","ast-page-background-enabled":"default","ast-page-background-meta":{"desktop":{"background-color":"var(--ast-global-color-4)","background-image":"","background-repeat":"repeat","background-position":"center center","background-size":"auto","background-attachment":"scroll","background-type":"","background-media":"","overlay-type":"","overlay-color":"","overlay-opacity":"","overlay-gradient":""},"tablet":{"background-color":"","background-image":"","background-repeat":"repeat","background-position":"center center","background-size":"auto","background-attachment":"scroll","background-type":"","background-media":"","overlay-type":"","overlay-color":"","overlay-opacity":"","overlay-gradient":""},"mobile":{"background-color":"","background-image":"","background-repeat":"repeat","background-position":"center center","background-size":"auto","background-attachment":"scroll","background-type":"","background-media":"","overlay-type":"","overlay-color":"","overlay-opacity":"","overlay-gradient":""}},"ast-content-background-meta":{"desktop":{"background-color":"var(--ast-global-color-5)","background-image":"","background-repeat":"repeat","background-position":"center center","background-size":"auto","background-attachment":"scroll","background-type":"","background-media":"","overlay-type":"","overlay-color":"","overlay-opacity":"","overlay-gradient":""},"tablet":{"background-color":"var(--ast-global-color-5)","background-image":"","background-repeat":"repeat","background-position":"center center","background-size":"auto","background-attachment":"scroll","background-type":"","background-media":"","overlay-type":"","overlay-color":"","overlay-opacity":"","overlay-gradient":""},"mobile":{"background-color":"var(--ast-global-color-5)","background-image":"","background-repeat":"repeat","background-position":"center center","background-size":"auto","background-attachment":"scroll","background-type":"","background-media":"","overlay-type":"","overlay-color":"","overlay-opacity":"","overlay-gradient":""}}},"product_brand":[],"product_cat":[87],"product_tag":[],"giftcard-category":[],"class_list":{"0":"post-7025","1":"product","2":"type-product","3":"status-publish","4":"has-post-thumbnail","6":"product_cat-uncategorized","7":"tm-has-options","8":"desktop-align-center","9":"tablet-align-left","10":"mobile-align-left","12":"first","13":"instock","14":"taxable","15":"shipping-taxable","16":"purchasable","17":"product-type-simple"},"acf":[],"yoast_head":"<!-- This site is optimized with the Yoast SEO Premium plugin v24.2 (Yoast SEO v26.0) - https:\/\/yoast.com\/wordpress\/plugins\/seo\/ -->\n<title>Wooden frame - Pucle illustrated wooden frame puzzle | A puzzle full of art<\/title>\n<meta name=\"description\" content=\"Spoznajte dizajniv\u00e9 ilustrovan\u00e9 puzzle s mot\u00edvmi od kreat\u00edvnych ilustr\u00e1torov a ilustr\u00e1toriek na puzzle, ktor\u00e9 po poskladan\u00ed nemus\u00edte lepi\u0165. Spoznajte Pucle.\" \/>\n<meta name=\"robots\" content=\"index, follow, max-snippet:-1, max-image-preview:large, max-video-preview:-1\" \/>\n<link rel=\"canonical\" href=\"https:\/\/puclepucle.com\/en\/produkt\/dreveny-ram\/\" \/>\n<meta property=\"og:locale\" content=\"en_US\" \/>\n<meta property=\"og:type\" content=\"article\" \/>\n<meta property=\"og:title\" content=\"Wooden frame\" \/>\n<meta property=\"og:description\" content=\"Spoznajte dizajniv\u00e9 ilustrovan\u00e9 puzzle s mot\u00edvmi od kreat\u00edvnych ilustr\u00e1torov a ilustr\u00e1toriek na puzzle, ktor\u00e9 po poskladan\u00ed nemus\u00edte lepi\u0165. Spoznajte Pucle.\" \/>\n<meta property=\"og:url\" content=\"https:\/\/puclepucle.com\/en\/produkt\/dreveny-ram\/\" \/>\n<meta property=\"og:site_name\" content=\"Pucle illustrated wooden frame puzzle | A puzzle full of art\" \/>\n<meta property=\"article:publisher\" content=\"https:\/\/www.facebook.com\/puclepucle\" \/>\n<meta property=\"article:modified_time\" content=\"2023-10-31T09:47:41+00:00\" \/>\n<meta property=\"og:image\" content=\"https:\/\/puclepucle.com\/wp-content\/uploads\/2023\/05\/unnamed-file.ram.png\" \/>\n\t<meta property=\"og:image:width\" content=\"1600\" \/>\n\t<meta property=\"og:image:height\" content=\"1600\" \/>\n\t<meta property=\"og:image:type\" content=\"image\/png\" \/>\n<meta name=\"twitter:card\" content=\"summary_large_image\" \/>\n<script type=\"application\/ld+json\" class=\"yoast-schema-graph\">{\"@context\":\"https:\/\/schema.org\",\"@graph\":[{\"@type\":\"WebPage\",\"@id\":\"https:\/\/puclepucle.com\/en\/produkt\/dreveny-ram\/\",\"url\":\"https:\/\/puclepucle.com\/en\/produkt\/dreveny-ram\/\",\"name\":\"Wooden frame - Pucle illustrated wooden frame puzzle | A puzzle full of art\",\"isPartOf\":{\"@id\":\"https:\/\/puclepucle.com\/#website\"},\"primaryImageOfPage\":{\"@id\":\"https:\/\/puclepucle.com\/en\/produkt\/dreveny-ram\/#primaryimage\"},\"image\":{\"@id\":\"https:\/\/puclepucle.com\/en\/produkt\/dreveny-ram\/#primaryimage\"},\"thumbnailUrl\":\"https:\/\/puclepucle.com\/wp-content\/uploads\/2023\/10\/IMG-Product-4-1.png\",\"datePublished\":\"2023-10-26T05:36:15+00:00\",\"dateModified\":\"2023-10-31T09:47:41+00:00\",\"description\":\"Spoznajte dizajniv\u00e9 ilustrovan\u00e9 puzzle s mot\u00edvmi od kreat\u00edvnych ilustr\u00e1torov a ilustr\u00e1toriek na puzzle, ktor\u00e9 po poskladan\u00ed nemus\u00edte lepi\u0165. Spoznajte Pucle.\",\"breadcrumb\":{\"@id\":\"https:\/\/puclepucle.com\/en\/produkt\/dreveny-ram\/#breadcrumb\"},\"inLanguage\":\"en-US\",\"potentialAction\":[{\"@type\":\"ReadAction\",\"target\":[\"https:\/\/puclepucle.com\/en\/produkt\/dreveny-ram\/\"]}]},{\"@type\":\"ImageObject\",\"inLanguage\":\"en-US\",\"@id\":\"https:\/\/puclepucle.com\/en\/produkt\/dreveny-ram\/#primaryimage\",\"url\":\"https:\/\/puclepucle.com\/wp-content\/uploads\/2023\/10\/IMG-Product-4-1.png\",\"contentUrl\":\"https:\/\/puclepucle.com\/wp-content\/uploads\/2023\/10\/IMG-Product-4-1.png\",\"width\":676,\"height\":664},{\"@type\":\"BreadcrumbList\",\"@id\":\"https:\/\/puclepucle.com\/en\/produkt\/dreveny-ram\/#breadcrumb\",\"itemListElement\":[{\"@type\":\"ListItem\",\"position\":1,\"name\":\"Domov\",\"item\":\"https:\/\/puclepucle.com\/\"},{\"@type\":\"ListItem\",\"position\":2,\"name\":\"Shop\",\"item\":\"https:\/\/puclepucle.com\/en\/shop\/\"},{\"@type\":\"ListItem\",\"position\":3,\"name\":\"Wooden frame\"}]},{\"@type\":\"WebSite\",\"@id\":\"https:\/\/puclepucle.com\/#website\",\"url\":\"https:\/\/puclepucle.com\/\",\"name\":\"Ilustrovan\u00e9 puzzle s dreven\u00fdm r\u00e1mom Pucle | Puzzle pln\u00e9 umenia\",\"description\":\"Skladajte a r\u00e1mujte bez lepenia puzzle ilustrovan\u00e9 talentovan\u00fdmi umelcami a dizajn\u00e9rmi\",\"publisher\":{\"@id\":\"https:\/\/puclepucle.com\/#organization\"},\"alternateName\":\"Dizajnov\u00e9 puzzle s dreven\u00fdm r\u00e1mom\",\"potentialAction\":[{\"@type\":\"SearchAction\",\"target\":{\"@type\":\"EntryPoint\",\"urlTemplate\":\"https:\/\/puclepucle.com\/?s={search_term_string}\"},\"query-input\":{\"@type\":\"PropertyValueSpecification\",\"valueRequired\":true,\"valueName\":\"search_term_string\"}}],\"inLanguage\":\"en-US\"},{\"@type\":\"Organization\",\"@id\":\"https:\/\/puclepucle.com\/#organization\",\"name\":\"PuclePucle\",\"alternateName\":\"Pucle\",\"url\":\"https:\/\/puclepucle.com\/\",\"logo\":{\"@type\":\"ImageObject\",\"inLanguage\":\"en-US\",\"@id\":\"https:\/\/puclepucle.com\/#\/schema\/logo\/image\/\",\"url\":\"https:\/\/puclepucle.com\/wp-content\/uploads\/2023\/09\/pucle-logo-dark.png\",\"contentUrl\":\"https:\/\/puclepucle.com\/wp-content\/uploads\/2023\/09\/pucle-logo-dark.png\",\"width\":160,\"height\":51,\"caption\":\"PuclePucle\"},\"image\":{\"@id\":\"https:\/\/puclepucle.com\/#\/schema\/logo\/image\/\"},\"sameAs\":[\"https:\/\/www.facebook.com\/puclepucle\",\"https:\/\/www.instagram.com\/puclepucle\/?hl=en\",\"https:\/\/www.youtube.com\/@pucle1122\",\"https:\/\/sk.pinterest.com\/puclepucle\/\"],\"ownershipFundingInfo\":\"https:\/\/puclepucle.com\/o-nas\/\",\"correctionsPolicy\":\"https:\/\/puclepucle.com\/obchodne-podmienky\/\",\"ethicsPolicy\":\"https:\/\/puclepucle.com\/obchodne-podmienky\/\",\"diversityPolicy\":\"https:\/\/puclepucle.com\/ako-to-funguje\/\"}]}<\/script>\n<!-- \/ Yoast SEO Premium plugin. -->","yoast_head_json":{"title":"Wooden frame - Pucle illustrated wooden frame puzzle | A puzzle full of art","description":"Spoznajte dizajniv\u00e9 ilustrovan\u00e9 puzzle s mot\u00edvmi od kreat\u00edvnych ilustr\u00e1torov a ilustr\u00e1toriek na puzzle, ktor\u00e9 po poskladan\u00ed nemus\u00edte lepi\u0165. Spoznajte Pucle.","robots":{"index":"index","follow":"follow","max-snippet":"max-snippet:-1","max-image-preview":"max-image-preview:large","max-video-preview":"max-video-preview:-1"},"canonical":"https:\/\/puclepucle.com\/en\/produkt\/dreveny-ram\/","og_locale":"en_US","og_type":"article","og_title":"Wooden frame","og_description":"Spoznajte dizajniv\u00e9 ilustrovan\u00e9 puzzle s mot\u00edvmi od kreat\u00edvnych ilustr\u00e1torov a ilustr\u00e1toriek na puzzle, ktor\u00e9 po poskladan\u00ed nemus\u00edte lepi\u0165. Spoznajte Pucle.","og_url":"https:\/\/puclepucle.com\/en\/produkt\/dreveny-ram\/","og_site_name":"Pucle illustrated wooden frame puzzle | A puzzle full of art","article_publisher":"https:\/\/www.facebook.com\/puclepucle","article_modified_time":"2023-10-31T09:47:41+00:00","og_image":[{"width":1600,"height":1600,"url":"https:\/\/puclepucle.com\/wp-content\/uploads\/2023\/05\/unnamed-file.ram.png","type":"image\/png"}],"twitter_card":"summary_large_image","schema":{"@context":"https:\/\/schema.org","@graph":[{"@type":"WebPage","@id":"https:\/\/puclepucle.com\/en\/produkt\/dreveny-ram\/","url":"https:\/\/puclepucle.com\/en\/produkt\/dreveny-ram\/","name":"Wooden frame - Pucle illustrated wooden frame puzzle | A puzzle full of art","isPartOf":{"@id":"https:\/\/puclepucle.com\/#website"},"primaryImageOfPage":{"@id":"https:\/\/puclepucle.com\/en\/produkt\/dreveny-ram\/#primaryimage"},"image":{"@id":"https:\/\/puclepucle.com\/en\/produkt\/dreveny-ram\/#primaryimage"},"thumbnailUrl":"https:\/\/puclepucle.com\/wp-content\/uploads\/2023\/10\/IMG-Product-4-1.png","datePublished":"2023-10-26T05:36:15+00:00","dateModified":"2023-10-31T09:47:41+00:00","description":"Spoznajte dizajniv\u00e9 ilustrovan\u00e9 puzzle s mot\u00edvmi od kreat\u00edvnych ilustr\u00e1torov a ilustr\u00e1toriek na puzzle, ktor\u00e9 po poskladan\u00ed nemus\u00edte lepi\u0165. Spoznajte Pucle.","breadcrumb":{"@id":"https:\/\/puclepucle.com\/en\/produkt\/dreveny-ram\/#breadcrumb"},"inLanguage":"en-US","potentialAction":[{"@type":"ReadAction","target":["https:\/\/puclepucle.com\/en\/produkt\/dreveny-ram\/"]}]},{"@type":"ImageObject","inLanguage":"en-US","@id":"https:\/\/puclepucle.com\/en\/produkt\/dreveny-ram\/#primaryimage","url":"https:\/\/puclepucle.com\/wp-content\/uploads\/2023\/10\/IMG-Product-4-1.png","contentUrl":"https:\/\/puclepucle.com\/wp-content\/uploads\/2023\/10\/IMG-Product-4-1.png","width":676,"height":664},{"@type":"BreadcrumbList","@id":"https:\/\/puclepucle.com\/en\/produkt\/dreveny-ram\/#breadcrumb","itemListElement":[{"@type":"ListItem","position":1,"name":"Domov","item":"https:\/\/puclepucle.com\/"},{"@type":"ListItem","position":2,"name":"Shop","item":"https:\/\/puclepucle.com\/en\/shop\/"},{"@type":"ListItem","position":3,"name":"Wooden frame"}]},{"@type":"WebSite","@id":"https:\/\/puclepucle.com\/#website","url":"https:\/\/puclepucle.com\/","name":"Ilustrovan\u00e9 puzzle s dreven\u00fdm r\u00e1mom Pucle | Puzzle pln\u00e9 umenia","description":"Skladajte a r\u00e1mujte bez lepenia puzzle ilustrovan\u00e9 talentovan\u00fdmi umelcami a dizajn\u00e9rmi","publisher":{"@id":"https:\/\/puclepucle.com\/#organization"},"alternateName":"Dizajnov\u00e9 puzzle s dreven\u00fdm r\u00e1mom","potentialAction":[{"@type":"SearchAction","target":{"@type":"EntryPoint","urlTemplate":"https:\/\/puclepucle.com\/?s={search_term_string}"},"query-input":{"@type":"PropertyValueSpecification","valueRequired":true,"valueName":"search_term_string"}}],"inLanguage":"en-US"},{"@type":"Organization","@id":"https:\/\/puclepucle.com\/#organization","name":"PuclePucle","alternateName":"Pucle","url":"https:\/\/puclepucle.com\/","logo":{"@type":"ImageObject","inLanguage":"en-US","@id":"https:\/\/puclepucle.com\/#\/schema\/logo\/image\/","url":"https:\/\/puclepucle.com\/wp-content\/uploads\/2023\/09\/pucle-logo-dark.png","contentUrl":"https:\/\/puclepucle.com\/wp-content\/uploads\/2023\/09\/pucle-logo-dark.png","width":160,"height":51,"caption":"PuclePucle"},"image":{"@id":"https:\/\/puclepucle.com\/#\/schema\/logo\/image\/"},"sameAs":["https:\/\/www.facebook.com\/puclepucle","https:\/\/www.instagram.com\/puclepucle\/?hl=en","https:\/\/www.youtube.com\/@pucle1122","https:\/\/sk.pinterest.com\/puclepucle\/"],"ownershipFundingInfo":"https:\/\/puclepucle.com\/o-nas\/","correctionsPolicy":"https:\/\/puclepucle.com\/obchodne-podmienky\/","ethicsPolicy":"https:\/\/puclepucle.com\/obchodne-podmienky\/","diversityPolicy":"https:\/\/puclepucle.com\/ako-to-funguje\/"}]}},"_links":{"self":[{"href":"https:\/\/puclepucle.com\/en\/wp-json\/wp\/v2\/product\/7025","targetHints":{"allow":["GET"]}}],"collection":[{"href":"https:\/\/puclepucle.com\/en\/wp-json\/wp\/v2\/product"}],"about":[{"href":"https:\/\/puclepucle.com\/en\/wp-json\/wp\/v2\/types\/product"}],"wp:featuredmedia":[{"embeddable":true,"href":"https:\/\/puclepucle.com\/en\/wp-json\/wp\/v2\/media\/7048"}],"wp:attachment":[{"href":"https:\/\/puclepucle.com\/en\/wp-json\/wp\/v2\/media?parent=7025"}],"wp:term":[{"taxonomy":"product_brand","embeddable":true,"href":"https:\/\/puclepucle.com\/en\/wp-json\/wp\/v2\/product_brand?post=7025"},{"taxonomy":"product_cat","embeddable":true,"href":"https:\/\/puclepucle.com\/en\/wp-json\/wp\/v2\/product_cat?post=7025"},{"taxonomy":"product_tag","embeddable":true,"href":"https:\/\/puclepucle.com\/en\/wp-json\/wp\/v2\/product_tag?post=7025"},{"taxonomy":"giftcard-category","embeddable":true,"href":"https:\/\/puclepucle.com\/en\/wp-json\/wp\/v2\/giftcard-category?post=7025"}],"curies":[{"name":"wp","href":"https:\/\/api.w.org\/{rel}","templated":true}]}}