{"id":8562,"date":"2024-09-21T23:47:22","date_gmt":"2024-09-21T21:47:22","guid":{"rendered":"https:\/\/puclepucle.com\/?post_type=product&#038;p=8562"},"modified":"2024-10-21T21:17:19","modified_gmt":"2024-10-21T19:17:19","slug":"asian_fusion","status":"publish","type":"product","link":"https:\/\/puclepucle.com\/en\/produkt\/asian_fusion\/","title":{"rendered":"Asian Fusion"},"content":{"rendered":"<p>\u017du\u017eu G\u00e1lov\u00e1 served us a fragrant bowl full of ramen, and we really enjoy this connection of feminine strength and pleasant taste. If you are puzzle hardcore assembler, then definitely choose this theme. You put together only white, blue and black pieces, and these puzzles will really give you a hard time, belive us \ud83d\ude42 <\/p>\n<p>Puzzle available with a wooden frame or separately. Thanks to the wooden frame, you do not need to glue the puzzles, but simply hang them on the wall.<\/p>\n<p>You can always hang them off anytime. You can easily open the frame, break the puzzle and change it for a new one.<\/p>\n","protected":false},"excerpt":{"rendered":"<p>\u017du\u017eu G\u00e1lov\u00e1 served us a fragrant bowl full of ramen, and we really enjoy this connection of feminine strength and pleasant taste. If you are puzzle hardcore assembler, then definitely choose this theme. You put together only white, blue and black pieces, and these puzzles will really give you a hard time, belive us \ud83d\ude42 <\/p>\n<p>Puzzle available with a wooden frame or separately. Thanks to the wooden frame, you do not need to glue the puzzles, but simply hang them on the wall.<\/p>\n<p>You can always hang them off anytime. You can easily open the frame, break the puzzle and change it for a new one.<\/p>\n","protected":false},"featured_media":8595,"template":"","meta":{"_acf_changed":false,"site-sidebar-layout":"default","site-content-layout":"default","ast-site-content-layout":"default","site-content-style":"default","site-sidebar-style":"default","ast-global-header-display":"","ast-banner-title-visibility":"","ast-main-header-display":"","ast-hfb-above-header-display":"","ast-hfb-below-header-display":"","ast-hfb-mobile-header-display":"","site-post-title":"","ast-breadcrumbs-content":"","ast-featured-img":"","footer-sml-layout":"","theme-transparent-header-meta":"default","adv-header-id-meta":"","stick-header-meta":"","header-above-stick-meta":"","header-main-stick-meta":"","header-below-stick-meta":"","astra-migrate-meta-layouts":"set","ast-page-background-enabled":"default","ast-page-background-meta":{"desktop":{"background-color":"var(--ast-global-color-4)","background-image":"","background-repeat":"repeat","background-position":"center center","background-size":"auto","background-attachment":"scroll","background-type":"","background-media":"","overlay-type":"","overlay-color":"","overlay-opacity":"","overlay-gradient":""},"tablet":{"background-color":"","background-image":"","background-repeat":"repeat","background-position":"center center","background-size":"auto","background-attachment":"scroll","background-type":"","background-media":"","overlay-type":"","overlay-color":"","overlay-opacity":"","overlay-gradient":""},"mobile":{"background-color":"","background-image":"","background-repeat":"repeat","background-position":"center center","background-size":"auto","background-attachment":"scroll","background-type":"","background-media":"","overlay-type":"","overlay-color":"","overlay-opacity":"","overlay-gradient":""}},"ast-content-background-meta":{"desktop":{"background-color":"var(--ast-global-color-5)","background-image":"","background-repeat":"repeat","background-position":"center center","background-size":"auto","background-attachment":"scroll","background-type":"","background-media":"","overlay-type":"","overlay-color":"","overlay-opacity":"","overlay-gradient":""},"tablet":{"background-color":"var(--ast-global-color-5)","background-image":"","background-repeat":"repeat","background-position":"center center","background-size":"auto","background-attachment":"scroll","background-type":"","background-media":"","overlay-type":"","overlay-color":"","overlay-opacity":"","overlay-gradient":""},"mobile":{"background-color":"var(--ast-global-color-5)","background-image":"","background-repeat":"repeat","background-position":"center center","background-size":"auto","background-attachment":"scroll","background-type":"","background-media":"","overlay-type":"","overlay-color":"","overlay-opacity":"","overlay-gradient":""}}},"product_brand":[],"product_cat":[138,87],"product_tag":[],"giftcard-category":[],"class_list":{"0":"post-8562","1":"product","2":"type-product","3":"status-publish","4":"has-post-thumbnail","6":"product_cat-new-en","7":"product_cat-uncategorized","8":"tm-has-options","9":"desktop-align-center","10":"tablet-align-left","11":"mobile-align-left","13":"first","14":"instock","15":"taxable","16":"shipping-taxable","17":"purchasable","18":"product-type-simple"},"acf":[],"yoast_head":"<!-- This site is optimized with the Yoast SEO Premium plugin v24.2 (Yoast SEO v26.0) - https:\/\/yoast.com\/wordpress\/plugins\/seo\/ -->\n<title>Asian Fusion - Pucle illustrated wooden frame puzzle | A puzzle full of art<\/title>\n<meta name=\"description\" content=\"Spoznajte dizajniv\u00e9 ilustrovan\u00e9 puzzle s mot\u00edvmi od kreat\u00edvnych ilustr\u00e1torov a ilustr\u00e1toriek na puzzle, ktor\u00e9 po poskladan\u00ed nemus\u00edte lepi\u0165. Spoznajte Pucle.\" \/>\n<meta name=\"robots\" content=\"index, follow, max-snippet:-1, max-image-preview:large, max-video-preview:-1\" \/>\n<link rel=\"canonical\" href=\"https:\/\/puclepucle.com\/en\/produkt\/asian_fusion\/\" \/>\n<meta property=\"og:locale\" content=\"en_US\" \/>\n<meta property=\"og:type\" content=\"article\" \/>\n<meta property=\"og:title\" content=\"Asian Fusion\" \/>\n<meta property=\"og:description\" content=\"Spoznajte dizajniv\u00e9 ilustrovan\u00e9 puzzle s mot\u00edvmi od kreat\u00edvnych ilustr\u00e1torov a ilustr\u00e1toriek na puzzle, ktor\u00e9 po poskladan\u00ed nemus\u00edte lepi\u0165. Spoznajte Pucle.\" \/>\n<meta property=\"og:url\" content=\"https:\/\/puclepucle.com\/en\/produkt\/asian_fusion\/\" \/>\n<meta property=\"og:site_name\" content=\"Pucle illustrated wooden frame puzzle | A puzzle full of art\" \/>\n<meta property=\"article:publisher\" content=\"https:\/\/www.facebook.com\/puclepucle\" \/>\n<meta property=\"article:modified_time\" content=\"2024-10-21T19:17:19+00:00\" \/>\n<meta property=\"og:image\" content=\"https:\/\/puclepucle.com\/wp-content\/uploads\/2024\/09\/IMG-Product-14.png\" \/>\n\t<meta property=\"og:image:width\" content=\"676\" \/>\n\t<meta property=\"og:image:height\" content=\"686\" \/>\n\t<meta property=\"og:image:type\" content=\"image\/png\" \/>\n<meta name=\"twitter:card\" content=\"summary_large_image\" \/>\n<meta name=\"twitter:label1\" content=\"Est. reading time\" \/>\n\t<meta name=\"twitter:data1\" content=\"1 minute\" \/>\n<script type=\"application\/ld+json\" class=\"yoast-schema-graph\">{\"@context\":\"https:\/\/schema.org\",\"@graph\":[{\"@type\":\"WebPage\",\"@id\":\"https:\/\/puclepucle.com\/en\/produkt\/asian_fusion\/\",\"url\":\"https:\/\/puclepucle.com\/en\/produkt\/asian_fusion\/\",\"name\":\"Asian Fusion - Pucle illustrated wooden frame puzzle | A puzzle full of art\",\"isPartOf\":{\"@id\":\"https:\/\/puclepucle.com\/#website\"},\"primaryImageOfPage\":{\"@id\":\"https:\/\/puclepucle.com\/en\/produkt\/asian_fusion\/#primaryimage\"},\"image\":{\"@id\":\"https:\/\/puclepucle.com\/en\/produkt\/asian_fusion\/#primaryimage\"},\"thumbnailUrl\":\"https:\/\/puclepucle.com\/wp-content\/uploads\/2024\/09\/Pucle-1000dilku-Zuzu.png\",\"datePublished\":\"2024-09-21T21:47:22+00:00\",\"dateModified\":\"2024-10-21T19:17:19+00:00\",\"description\":\"Spoznajte dizajniv\u00e9 ilustrovan\u00e9 puzzle s mot\u00edvmi od kreat\u00edvnych ilustr\u00e1torov a ilustr\u00e1toriek na puzzle, ktor\u00e9 po poskladan\u00ed nemus\u00edte lepi\u0165. Spoznajte Pucle.\",\"breadcrumb\":{\"@id\":\"https:\/\/puclepucle.com\/en\/produkt\/asian_fusion\/#breadcrumb\"},\"inLanguage\":\"en-US\",\"potentialAction\":[{\"@type\":\"ReadAction\",\"target\":[\"https:\/\/puclepucle.com\/en\/produkt\/asian_fusion\/\"]}]},{\"@type\":\"ImageObject\",\"inLanguage\":\"en-US\",\"@id\":\"https:\/\/puclepucle.com\/en\/produkt\/asian_fusion\/#primaryimage\",\"url\":\"https:\/\/puclepucle.com\/wp-content\/uploads\/2024\/09\/Pucle-1000dilku-Zuzu.png\",\"contentUrl\":\"https:\/\/puclepucle.com\/wp-content\/uploads\/2024\/09\/Pucle-1000dilku-Zuzu.png\",\"width\":600,\"height\":600},{\"@type\":\"BreadcrumbList\",\"@id\":\"https:\/\/puclepucle.com\/en\/produkt\/asian_fusion\/#breadcrumb\",\"itemListElement\":[{\"@type\":\"ListItem\",\"position\":1,\"name\":\"Domov\",\"item\":\"https:\/\/puclepucle.com\/\"},{\"@type\":\"ListItem\",\"position\":2,\"name\":\"Shop\",\"item\":\"https:\/\/puclepucle.com\/en\/shop\/\"},{\"@type\":\"ListItem\",\"position\":3,\"name\":\"Asian Fusion\"}]},{\"@type\":\"WebSite\",\"@id\":\"https:\/\/puclepucle.com\/#website\",\"url\":\"https:\/\/puclepucle.com\/\",\"name\":\"Ilustrovan\u00e9 puzzle s dreven\u00fdm r\u00e1mom Pucle | Puzzle pln\u00e9 umenia\",\"description\":\"Skladajte a r\u00e1mujte bez lepenia puzzle ilustrovan\u00e9 talentovan\u00fdmi umelcami a dizajn\u00e9rmi\",\"publisher\":{\"@id\":\"https:\/\/puclepucle.com\/#organization\"},\"alternateName\":\"Dizajnov\u00e9 puzzle s dreven\u00fdm r\u00e1mom\",\"potentialAction\":[{\"@type\":\"SearchAction\",\"target\":{\"@type\":\"EntryPoint\",\"urlTemplate\":\"https:\/\/puclepucle.com\/?s={search_term_string}\"},\"query-input\":{\"@type\":\"PropertyValueSpecification\",\"valueRequired\":true,\"valueName\":\"search_term_string\"}}],\"inLanguage\":\"en-US\"},{\"@type\":\"Organization\",\"@id\":\"https:\/\/puclepucle.com\/#organization\",\"name\":\"PuclePucle\",\"alternateName\":\"Pucle\",\"url\":\"https:\/\/puclepucle.com\/\",\"logo\":{\"@type\":\"ImageObject\",\"inLanguage\":\"en-US\",\"@id\":\"https:\/\/puclepucle.com\/#\/schema\/logo\/image\/\",\"url\":\"https:\/\/puclepucle.com\/wp-content\/uploads\/2023\/09\/pucle-logo-dark.png\",\"contentUrl\":\"https:\/\/puclepucle.com\/wp-content\/uploads\/2023\/09\/pucle-logo-dark.png\",\"width\":160,\"height\":51,\"caption\":\"PuclePucle\"},\"image\":{\"@id\":\"https:\/\/puclepucle.com\/#\/schema\/logo\/image\/\"},\"sameAs\":[\"https:\/\/www.facebook.com\/puclepucle\",\"https:\/\/www.instagram.com\/puclepucle\/?hl=en\",\"https:\/\/www.youtube.com\/@pucle1122\",\"https:\/\/sk.pinterest.com\/puclepucle\/\"],\"ownershipFundingInfo\":\"https:\/\/puclepucle.com\/o-nas\/\",\"correctionsPolicy\":\"https:\/\/puclepucle.com\/obchodne-podmienky\/\",\"ethicsPolicy\":\"https:\/\/puclepucle.com\/obchodne-podmienky\/\",\"diversityPolicy\":\"https:\/\/puclepucle.com\/ako-to-funguje\/\"}]}<\/script>\n<!-- \/ Yoast SEO Premium plugin. -->","yoast_head_json":{"title":"Asian Fusion - Pucle illustrated wooden frame puzzle | A puzzle full of art","description":"Spoznajte dizajniv\u00e9 ilustrovan\u00e9 puzzle s mot\u00edvmi od kreat\u00edvnych ilustr\u00e1torov a ilustr\u00e1toriek na puzzle, ktor\u00e9 po poskladan\u00ed nemus\u00edte lepi\u0165. Spoznajte Pucle.","robots":{"index":"index","follow":"follow","max-snippet":"max-snippet:-1","max-image-preview":"max-image-preview:large","max-video-preview":"max-video-preview:-1"},"canonical":"https:\/\/puclepucle.com\/en\/produkt\/asian_fusion\/","og_locale":"en_US","og_type":"article","og_title":"Asian Fusion","og_description":"Spoznajte dizajniv\u00e9 ilustrovan\u00e9 puzzle s mot\u00edvmi od kreat\u00edvnych ilustr\u00e1torov a ilustr\u00e1toriek na puzzle, ktor\u00e9 po poskladan\u00ed nemus\u00edte lepi\u0165. Spoznajte Pucle.","og_url":"https:\/\/puclepucle.com\/en\/produkt\/asian_fusion\/","og_site_name":"Pucle illustrated wooden frame puzzle | A puzzle full of art","article_publisher":"https:\/\/www.facebook.com\/puclepucle","article_modified_time":"2024-10-21T19:17:19+00:00","og_image":[{"width":676,"height":686,"url":"https:\/\/puclepucle.com\/wp-content\/uploads\/2024\/09\/IMG-Product-14.png","type":"image\/png"}],"twitter_card":"summary_large_image","twitter_misc":{"Est. reading time":"1 minute"},"schema":{"@context":"https:\/\/schema.org","@graph":[{"@type":"WebPage","@id":"https:\/\/puclepucle.com\/en\/produkt\/asian_fusion\/","url":"https:\/\/puclepucle.com\/en\/produkt\/asian_fusion\/","name":"Asian Fusion - Pucle illustrated wooden frame puzzle | A puzzle full of art","isPartOf":{"@id":"https:\/\/puclepucle.com\/#website"},"primaryImageOfPage":{"@id":"https:\/\/puclepucle.com\/en\/produkt\/asian_fusion\/#primaryimage"},"image":{"@id":"https:\/\/puclepucle.com\/en\/produkt\/asian_fusion\/#primaryimage"},"thumbnailUrl":"https:\/\/puclepucle.com\/wp-content\/uploads\/2024\/09\/Pucle-1000dilku-Zuzu.png","datePublished":"2024-09-21T21:47:22+00:00","dateModified":"2024-10-21T19:17:19+00:00","description":"Spoznajte dizajniv\u00e9 ilustrovan\u00e9 puzzle s mot\u00edvmi od kreat\u00edvnych ilustr\u00e1torov a ilustr\u00e1toriek na puzzle, ktor\u00e9 po poskladan\u00ed nemus\u00edte lepi\u0165. Spoznajte Pucle.","breadcrumb":{"@id":"https:\/\/puclepucle.com\/en\/produkt\/asian_fusion\/#breadcrumb"},"inLanguage":"en-US","potentialAction":[{"@type":"ReadAction","target":["https:\/\/puclepucle.com\/en\/produkt\/asian_fusion\/"]}]},{"@type":"ImageObject","inLanguage":"en-US","@id":"https:\/\/puclepucle.com\/en\/produkt\/asian_fusion\/#primaryimage","url":"https:\/\/puclepucle.com\/wp-content\/uploads\/2024\/09\/Pucle-1000dilku-Zuzu.png","contentUrl":"https:\/\/puclepucle.com\/wp-content\/uploads\/2024\/09\/Pucle-1000dilku-Zuzu.png","width":600,"height":600},{"@type":"BreadcrumbList","@id":"https:\/\/puclepucle.com\/en\/produkt\/asian_fusion\/#breadcrumb","itemListElement":[{"@type":"ListItem","position":1,"name":"Domov","item":"https:\/\/puclepucle.com\/"},{"@type":"ListItem","position":2,"name":"Shop","item":"https:\/\/puclepucle.com\/en\/shop\/"},{"@type":"ListItem","position":3,"name":"Asian Fusion"}]},{"@type":"WebSite","@id":"https:\/\/puclepucle.com\/#website","url":"https:\/\/puclepucle.com\/","name":"Ilustrovan\u00e9 puzzle s dreven\u00fdm r\u00e1mom Pucle | Puzzle pln\u00e9 umenia","description":"Skladajte a r\u00e1mujte bez lepenia puzzle ilustrovan\u00e9 talentovan\u00fdmi umelcami a dizajn\u00e9rmi","publisher":{"@id":"https:\/\/puclepucle.com\/#organization"},"alternateName":"Dizajnov\u00e9 puzzle s dreven\u00fdm r\u00e1mom","potentialAction":[{"@type":"SearchAction","target":{"@type":"EntryPoint","urlTemplate":"https:\/\/puclepucle.com\/?s={search_term_string}"},"query-input":{"@type":"PropertyValueSpecification","valueRequired":true,"valueName":"search_term_string"}}],"inLanguage":"en-US"},{"@type":"Organization","@id":"https:\/\/puclepucle.com\/#organization","name":"PuclePucle","alternateName":"Pucle","url":"https:\/\/puclepucle.com\/","logo":{"@type":"ImageObject","inLanguage":"en-US","@id":"https:\/\/puclepucle.com\/#\/schema\/logo\/image\/","url":"https:\/\/puclepucle.com\/wp-content\/uploads\/2023\/09\/pucle-logo-dark.png","contentUrl":"https:\/\/puclepucle.com\/wp-content\/uploads\/2023\/09\/pucle-logo-dark.png","width":160,"height":51,"caption":"PuclePucle"},"image":{"@id":"https:\/\/puclepucle.com\/#\/schema\/logo\/image\/"},"sameAs":["https:\/\/www.facebook.com\/puclepucle","https:\/\/www.instagram.com\/puclepucle\/?hl=en","https:\/\/www.youtube.com\/@pucle1122","https:\/\/sk.pinterest.com\/puclepucle\/"],"ownershipFundingInfo":"https:\/\/puclepucle.com\/o-nas\/","correctionsPolicy":"https:\/\/puclepucle.com\/obchodne-podmienky\/","ethicsPolicy":"https:\/\/puclepucle.com\/obchodne-podmienky\/","diversityPolicy":"https:\/\/puclepucle.com\/ako-to-funguje\/"}]}},"_links":{"self":[{"href":"https:\/\/puclepucle.com\/en\/wp-json\/wp\/v2\/product\/8562","targetHints":{"allow":["GET"]}}],"collection":[{"href":"https:\/\/puclepucle.com\/en\/wp-json\/wp\/v2\/product"}],"about":[{"href":"https:\/\/puclepucle.com\/en\/wp-json\/wp\/v2\/types\/product"}],"wp:featuredmedia":[{"embeddable":true,"href":"https:\/\/puclepucle.com\/en\/wp-json\/wp\/v2\/media\/8595"}],"wp:attachment":[{"href":"https:\/\/puclepucle.com\/en\/wp-json\/wp\/v2\/media?parent=8562"}],"wp:term":[{"taxonomy":"product_brand","embeddable":true,"href":"https:\/\/puclepucle.com\/en\/wp-json\/wp\/v2\/product_brand?post=8562"},{"taxonomy":"product_cat","embeddable":true,"href":"https:\/\/puclepucle.com\/en\/wp-json\/wp\/v2\/product_cat?post=8562"},{"taxonomy":"product_tag","embeddable":true,"href":"https:\/\/puclepucle.com\/en\/wp-json\/wp\/v2\/product_tag?post=8562"},{"taxonomy":"giftcard-category","embeddable":true,"href":"https:\/\/puclepucle.com\/en\/wp-json\/wp\/v2\/giftcard-category?post=8562"}],"curies":[{"name":"wp","href":"https:\/\/api.w.org\/{rel}","templated":true}]}}